{"id":1482,"date":"2023-02-08T13:42:26","date_gmt":"2023-02-08T13:42:26","guid":{"rendered":"https:\/\/vestrex.ro\/adatvedelmi-iranyelvek\/"},"modified":"2024-06-07T11:37:55","modified_gmt":"2024-06-07T11:37:55","slug":"adatvedelmi-iranyelvek","status":"publish","type":"page","link":"https:\/\/vestrex.ro\/hu\/adatvedelmi-iranyelvek\/","title":{"rendered":"Adatv\u00e9delmi ir\u00e1nyelvek"},"content":{"rendered":"\t\t<div data-elementor-type=\"wp-page\" data-elementor-id=\"1482\" class=\"elementor elementor-1482 elementor-3\" data-elementor-post-type=\"page\">\n\t\t\t\t\t\t<section class=\"elementor-section elementor-top-section elementor-element elementor-element-d3042af elementor-section-boxed elementor-section-height-default elementor-section-height-default\" data-id=\"d3042af\" data-element_type=\"section\">\n\t\t\t\t\t\t<div class=\"elementor-container elementor-column-gap-default\">\n\t\t\t\t\t<div class=\"elementor-column elementor-col-100 elementor-top-column elementor-element elementor-element-6a9b0ff\" data-id=\"6a9b0ff\" data-element_type=\"column\">\n\t\t\t<div class=\"elementor-widget-wrap elementor-element-populated\">\n\t\t\t\t\t\t<div class=\"elementor-element elementor-element-77a21b6 elementor-widget elementor-widget-button\" data-id=\"77a21b6\" data-element_type=\"widget\" data-widget_type=\"button.default\">\n\t\t\t\t<div class=\"elementor-widget-container\">\n\t\t\t\t\t\t\t\t\t<div class=\"elementor-button-wrapper\">\n\t\t\t\t\t<a class=\"elementor-button elementor-button-link elementor-size-sm\" href=\"https:\/\/vestrex.ro\/hu\/\">\n\t\t\t\t\t\t<span class=\"elementor-button-content-wrapper\">\n\t\t\t\t\t\t<span class=\"elementor-button-icon\">\n\t\t\t\t<i aria-hidden=\"true\" class=\"fas fa-backward\"><\/i>\t\t\t<\/span>\n\t\t\t\t\t\t\t\t\t<span class=\"elementor-button-text\">home<\/span>\n\t\t\t\t\t<\/span>\n\t\t\t\t\t<\/a>\n\t\t\t\t<\/div>\n\t\t\t\t\t\t\t\t<\/div>\n\t\t\t\t<\/div>\n\t\t\t\t<div class=\"elementor-element elementor-element-48f3e89 elementor-widget elementor-widget-heading\" data-id=\"48f3e89\" data-element_type=\"widget\" data-widget_type=\"heading.default\">\n\t\t\t\t<div class=\"elementor-widget-container\">\n\t\t\t\t\t<h4 class=\"elementor-heading-title elementor-size-default\">ADATV\u00c9DELMI POLITIKA<\/h4>\t\t\t\t<\/div>\n\t\t\t\t<\/div>\n\t\t\t\t\t<\/div>\n\t\t<\/div>\n\t\t\t\t\t<\/div>\n\t\t<\/section>\n\t\t\t\t<section class=\"elementor-section elementor-top-section elementor-element elementor-element-6bc7d77 elementor-section-boxed elementor-section-height-default elementor-section-height-default\" data-id=\"6bc7d77\" data-element_type=\"section\">\n\t\t\t\t\t\t<div class=\"elementor-container elementor-column-gap-default\">\n\t\t\t\t\t<div class=\"elementor-column elementor-col-100 elementor-top-column elementor-element elementor-element-9cf4e15\" data-id=\"9cf4e15\" data-element_type=\"column\">\n\t\t\t<div class=\"elementor-widget-wrap elementor-element-populated\">\n\t\t\t\t\t\t<div class=\"elementor-element elementor-element-8be4b24 elementor-widget elementor-widget-text-editor\" data-id=\"8be4b24\" data-element_type=\"widget\" data-widget_type=\"text-editor.default\">\n\t\t\t\t<div class=\"elementor-widget-container\">\n\t\t\t\t\t\t\t\t\t<p>Betartjuk a szem\u00e9lyes adatok v\u00e9delm\u00e9re vonatkoz\u00f3 jogi rendelkez\u00e9seket, \u00e9s technikai \u00e9s szervez\u00e9si int\u00e9zked\u00e9seket hajtunk v\u00e9gre a szem\u00e9lyes adatokkal k\u00f6zvetlen\u00fcl vagy k\u00f6zvetve kapcsolatos valamennyi m\u0171velet v\u00e9delme \u00e9rdek\u00e9ben, amelyek megakad\u00e1lyozz\u00e1k a jogosulatlan vagy jogellenes feldolgoz\u00e1st, valamint a v\u00e9letlen vagy jogellenes elveszt\u00e9st vagy megsemmis\u00edt\u00e9st.<\/p>\n<p>Az <strong>SC VESTREX CONSTRUCTII SRL<\/strong> az \u00fczenetek, k\u00e9r\u00e9sek feldolgoz\u00e1sa \u00e9s azok teljes\u00edt\u00e9se c\u00e9lj\u00e1b\u00f3l  az \u00fcgyfelek szem\u00e9lyes adatait, azaz nev\u00e9t, e-mail c\u00edm\u00e9t \u00e9s telefonsz\u00e1m\u00e1t az Eur\u00f3pai Parlament \u00e9s az Eur\u00f3pai Tan\u00e1cs (EU) 2016\/679 rendelete (2016. \u00e1prilis 27.) a szem\u00e9lyes adatok feldolgoz\u00e1sa vonatkoz\u00e1s\u00e1ban az egy\u00e9nek v\u00e9delm\u00e9r\u0151l \u00e9s az ilyen adatok szabad \u00e1raml\u00e1s\u00e1r\u00f3l sz\u00f3l\u00f3 rendelet\u00e9nek rendelkez\u00e9seivel \u00f6sszhangban gy\u0171jti.<\/p>\n<p>Az \u00d6n nev\u00e9t, e-mail c\u00edm\u00e9t \u00e9s telefonsz\u00e1m\u00e1t a szerz\u0151d\u00e9ses k\u00f6telezetts\u00e9gek teljes\u00edt\u00e9se, valamint a weboldalon kereszt\u00fcl k\u00fcld\u00f6tt k\u00e9r\u00e9sek\/\u00fczenetek megv\u00e1laszol\u00e1sa \u00e9rdek\u00e9ben az \u00d6nnel val\u00f3 kommunik\u00e1ci\u00f3 c\u00e9lj\u00e1b\u00f3l kezelj\u00fck.<\/p>\n<p>Mindezen adatokat a vonatkoz\u00f3 jogszab\u00e1lyokban el\u0151\u00edrt p\u00e9nz\u00fcgyi \u00e9s ad\u00f3z\u00e1si nyilv\u00e1ntart\u00e1s id\u0151tartam\u00e1ig, de legfeljebb 5 \u00e9vig kell meg\u0151rizni.<\/p>\n<p>Nem haszn\u00e1lunk szem\u00e9lyes adatokat automatiz\u00e1lt feldolgoz\u00e1sra vagy profilalkot\u00e1sra. Soha nem hozunk automatikus d\u00f6nt\u00e9seket \u00d6nr\u0151l. Az adatok biztons\u00e1gos t\u00e1rol\u00e1s\u00e1ra technikai eszk\u00f6z\u00f6ket haszn\u00e1lunk. Nem kezelj\u00fck az adatokat olyan m\u00e1sodlagos c\u00e9lokra, amelyek \u00f6sszeegyeztethetetlenek azokkal a c\u00e9lokkal, amelyekre gy\u0171jt\u00f6tt\u00fck \u0151ket.<\/p>\n<p>Szigor\u00faan tiszteletben tartjuk \u00e9s biztos\u00edtjuk a feldolgozott adatok bizalmas kezel\u00e9s\u00e9t. Nem adunk ki adatokat, kiv\u00e9ve az \u00d6n \u00e9rdekeinek vagy jogi k\u00f6telezetts\u00e9geinek teljes\u00edt\u00e9se c\u00e9lj\u00e1b\u00f3l. A titoktart\u00e1s sz\u00e1munkra alapvet\u0151 \u00e9rt\u00e9k.<\/p>\n<p>Az \u00d6n szem\u00e9lyes adatait \u00e1tadhatjuk m\u00e1s olyan v\u00e1llalatoknak is, amelyekkel partneri kapcsolatban \u00e1llunk, de csak az \u00e1ltaluk v\u00e1llalt titoktart\u00e1si k\u00f6telezetts\u00e9g mellett, amely garant\u00e1lja, hogy ezeket az adatokat biztons\u00e1gban tartj\u00e1k, \u00e9s hogy a szem\u00e9lyes adatok \u00e1tad\u00e1sa \u00f6sszhangban van a hat\u00e1lyos jogszab\u00e1lyokkal, mint p\u00e9ld\u00e1ul: fut\u00e1rszolg\u00e1latok, marketingszolg\u00e1ltat\u00f3k, fizet\u00e9si\/bankszolg\u00e1ltat\u00f3k, telemarketing vagy egy\u00e9b szolg\u00e1ltat\u00e1sok, amelyeket olyan v\u00e1llalatok ny\u00fajtanak, amelyekkel k\u00f6z\u00f6s programokat dolgozunk ki az \u00e1ruink \u00e9s szolg\u00e1ltat\u00e1saink forgalmaz\u00e1s\u00e1ra, biztos\u00edt\u00f3k stb.<\/p>\n<p>A megrendel\u00e9s lead\u00e1s\u00e1hoz a v\u00e1s\u00e1rl\u00f3nak meg kell adnia az \u00fczenetk\u00fcld\u00e9shez, a megrendel\u00e9s lead\u00e1s\u00e1hoz vagy telefonon kereszt\u00fcl t\u00f6rt\u00e9n\u0151 online \u0171rlapon k\u00e9rt adatokat \u00e9s inform\u00e1ci\u00f3kat, a k\u00e9rt inform\u00e1ci\u00f3k k\u00f6zl\u00e9s\u00e9nek megtagad\u00e1sa megakad\u00e1lyozza az elad\u00f3t a regisztr\u00e1ci\u00f3ban \u00e9s a leadott megrendel\u00e9s teljes\u00edt\u00e9s\u00e9ben.<\/p>\n<p>A weboldal tulajdonosa \u00e9s \u00fczemeltet\u0151je nem v\u00e1llal felel\u0151ss\u00e9get az \u00fcgyfelek \u00e1ltal az adatok megad\u00e1sa sor\u00e1n elk\u00f6vetett hib\u00e1k\u00e9rt vagy az \u00e1ltaluk megadott hamis adatok\u00e9rt. A vev\u0151 k\u00f6teles pontos \u00e9s val\u00f3s adatokat szolg\u00e1ltatni, \u00e9s teljes felel\u0151ss\u00e9get v\u00e1llal az elad\u00f3nak megadott inform\u00e1ci\u00f3k helytelens\u00e9g\u00e9\u00e9rt.<\/p>\n<p>A szem\u00e9lyes adatok semmilyen form\u00e1ban nem ker\u00fclnek \u00e9rt\u00e9kes\u00edt\u00e9sre, tov\u00e1bb\u00edt\u00e1sra vagy terjeszt\u00e9sre harmadik f\u00e9l vagy m\u00e1s orsz\u00e1g r\u00e9sz\u00e9re, kiv\u00e9ve, ha az illet\u00e9kes hat\u00f3s\u00e1gok az (EU) 2016\/679 rendelet rendelkez\u00e9seivel \u00f6sszhangban ezt k\u00e9rik.<\/p>\n<p>A weboldal minden felhaszn\u00e1l\u00f3j\u00e1nak azt tan\u00e1csoljuk, hogy szem\u00e9lyes adatainak online megad\u00e1sakor tegyen meg minden \u00f3vint\u00e9zked\u00e9st, \u00e9s rendszeresen ellen\u0151rizze ezen adatok \u00e1llapot\u00e1t \u00e9s pontoss\u00e1g\u00e1t. A felhaszn\u00e1l\u00f3k k\u00f6zvetlen\u00fcl felel\u0151sek az\u00e9rt, hogy hogyan v\u00e9dik bejelentkez\u00e9si adataikat, mivel \u0151k viselik a jogosulatlan haszn\u00e1lat k\u00f6vetkezm\u00e9nyeit.<\/p>\n<p>Az \u00d6n jogai<\/p>\n<p>Az (EU) 2016\/679 rendelet \u00e9rtelm\u00e9ben \u00d6nnek joga van a megadott szem\u00e9lyes adatokhoz val\u00f3 hozz\u00e1f\u00e9r\u00e9shez \u00e9s az azokkal kapcsolatos beavatkoz\u00e1shoz. E tekintetben \u00d6nnek joga van ahhoz, hogy meger\u0151s\u00edt\u00e9st kapjon t\u0151l\u00fcnk arr\u00f3l, hogy az \u00d6nre vonatkoz\u00f3 szem\u00e9lyes adatok feldolgoz\u00e1sa folyamatban van-e, \u00e9s ha igen, akkor hozz\u00e1f\u00e9rhet ezekhez az adatokhoz \u00e9s az al\u00e1bbi inform\u00e1ci\u00f3khoz:<\/p>\n<ul>\n<li>A feldolgoz\u00e1s c\u00e9ljai;<\/li>\n<li>Az \u00e9rintett szem\u00e9lyes adatok kateg\u00f3ri\u00e1i;<\/li>\n<li>A c\u00edmzettek vagy a c\u00edmzettek kateg\u00f3ri\u00e1i, akikkel a szem\u00e9lyes adatokat k\u00f6z\u00f6lt\u00e9k vagy k\u00f6z\u00f6lni fogj\u00e1k;<\/li>\n<li>Amennyiben lehets\u00e9ges, a szem\u00e9lyes adatok t\u00e1rol\u00e1s\u00e1nak v\u00e1rhat\u00f3 id\u0151tartama, vagy ha ez nem lehets\u00e9ges, az id\u0151tartam meghat\u00e1roz\u00e1s\u00e1hoz haszn\u00e1lt krit\u00e9riumok.<\/li>\n<\/ul>\n<p>K\u00e9r\u00e9sre \u00e1tadjuk \u00d6nnek a feldolgozott szem\u00e9lyes adatok m\u00e1solat\u00e1t. Minden egy\u00e9b k\u00e9rt m\u00e1solat\u00e9rt az adminisztrat\u00edv k\u00f6lts\u00e9gek alapj\u00e1n \u00e9sszer\u0171 d\u00edjat sz\u00e1m\u00edtunk fel. Ha elektronikus \u00faton ny\u00fajtja be k\u00e9relm\u00e9t, \u00e9s hacsak nem k\u00e9r fizikai form\u00e1tumot, az inform\u00e1ci\u00f3kat egy \u00e1ltal\u00e1nosan haszn\u00e1lt elektronikus form\u00e1tumban (word, pdf stb.) ny\u00fajtjuk be.<\/p>\n<p>Az \u00fcgyfeleknek joguk van a feldolgozott adatok helyesb\u00edt\u00e9s\u00e9hez, m\u00f3dos\u00edt\u00e1s\u00e1hoz \u00e9s friss\u00edt\u00e9s\u00e9hez is. \u00cdgy \u00d6n jogosult arra, hogy indokolatlan k\u00e9sedelem n\u00e9lk\u00fcl k\u00e9rje t\u0151l\u00fcnk az \u00d6nre vonatkoz\u00f3 pontatlan szem\u00e9lyes adatok helyesb\u00edt\u00e9s\u00e9t. Figyelembe v\u00e9ve az adatok feldolgoz\u00e1s\u00e1nak c\u00e9lj\u00e1t, \u00d6n jogosult arra, hogy k\u00e9rje a hi\u00e1nyos szem\u00e9lyes adatok kieg\u00e9sz\u00edt\u00e9s\u00e9t, t\u00f6bbek k\u00f6z\u00f6tt kieg\u00e9sz\u00edt\u0151 nyilatkozat megt\u00e9tel\u00e9vel.<\/p>\n<p>\u00d6n jogosult arra, hogy k\u00e9rje t\u0151l\u00fcnk az \u00d6nre vonatkoz\u00f3 szem\u00e9lyes adatok indokolatlan k\u00e9sedelem n\u00e9lk\u00fcli t\u00f6rl\u00e9s\u00e9t, mi pedig k\u00f6telesek vagyunk a szem\u00e9lyes adatokat indokolatlan k\u00e9sedelem n\u00e9lk\u00fcl t\u00f6r\u00f6lni, ha az al\u00e1bbi okok valamelyike fenn\u00e1ll:<\/p>\n<ul>\n<li>A szem\u00e9lyes adatokra m\u00e1r nincs sz\u00fcks\u00e9g azokhoz a c\u00e9lokhoz, amelyekhez azokat gy\u0171jt\u00f6tt\u00e9k vagy feldolgozt\u00e1k;<\/li>\n<li>\u00d6n visszavonja a hozz\u00e1j\u00e1rul\u00e1s\u00e1t, amely alapj\u00e1n a feldolgoz\u00e1sra sor ker\u00fcl, \u00e9s nincs m\u00e1s jogalapja a feldolgoz\u00e1snak;<\/li>\n<li>\u00d6n tiltakozni fog a feldolgoz\u00e1s ellen, \u00e9s a feldolgoz\u00e1snak nincsenek els\u0151bbs\u00e9get \u00e9lvez\u0151 jogos indokai;<\/li>\n<li>A szem\u00e9lyes adatok feldolgoz\u00e1sa jogellenesen t\u00f6rt\u00e9nt;<\/li>\n<li>A szem\u00e9lyes adatokat t\u00f6r\u00f6lni kell, hogy eleget tegy\u00fcnk az eur\u00f3pai uni\u00f3s vagy a rom\u00e1n jog szerinti jogi k\u00f6telezetts\u00e9g\u00fcnknek;<\/li>\n<\/ul>\n<p>Ha az \u00d6n adatait fut\u00e1rc\u00e9geknek vagy m\u00e1s partnereknek adjuk \u00e1t, \u00e9s \u00d6n k\u00e9ri az adatok t\u00f6rl\u00e9s\u00e9t, minden \u00e9sszer\u0171 l\u00e9p\u00e9st megtesz\u00fcnk annak \u00e9rdek\u00e9ben, hogy t\u00e1j\u00e9koztassuk az adatokat feldolgoz\u00f3 partnereket arr\u00f3l, hogy \u00d6n k\u00e9rte az adatokra mutat\u00f3 linkek, illetve a szem\u00e9lyes adatok m\u00e1solatainak vagy m\u00e1solatainak t\u00f6rl\u00e9s\u00e9t.<\/p>\n<p>Az adatok nem ker\u00fclnek t\u00f6rl\u00e9sre, ha:<\/p>\n<ul>\n<li>Az adatkezel\u00e9s az uni\u00f3s vagy rom\u00e1n jog szerinti adatkezel\u00e9st el\u0151\u00edr\u00f3 jogi k\u00f6telezetts\u00e9g teljes\u00edt\u00e9s\u00e9hez vagy k\u00f6z\u00e9rdek\u0171 feladat v\u00e9grehajt\u00e1s\u00e1hoz sz\u00fcks\u00e9ges;<\/li>\n<li>A k\u00f6zeg\u00e9szs\u00e9g\u00fcgy ter\u00fclet\u00e9n k\u00f6z\u00e9rdekb\u0151l;<\/li>\n<li>Az adatkezel\u00e9s jogi ig\u00e9nyek el\u0151terjeszt\u00e9s\u00e9hez, \u00e9rv\u00e9nyes\u00edt\u00e9s\u00e9hez vagy v\u00e9delm\u00e9hez sz\u00fcks\u00e9ges.<\/li>\n<li>\u00d6n jogosult az adatkezel\u00e9s korl\u00e1toz\u00e1s\u00e1ra, ha az al\u00e1bbiak valamelyike \u00e9rv\u00e9nyes\u00fcl:<\/li>\n<li>Az adatok pontoss\u00e1g\u00e1nak megk\u00e9rd\u0151jelez\u00e9se, olyan id\u0151tartamra, amely lehet\u0151v\u00e9 teszi sz\u00e1munkra, hogy ellen\u0151rizz\u00fck a feldolgozott adatok pontoss\u00e1g\u00e1t;<\/li>\n<li>A feldolgoz\u00e1s jogellenes, \u00e9s \u00d6n tiltakozik a szem\u00e9lyes adatok t\u00f6rl\u00e9se ellen, \u00e9s ehelyett k\u00e9ri azok felhaszn\u00e1l\u00e1s\u00e1nak korl\u00e1toz\u00e1s\u00e1t;<\/li>\n<li>A szem\u00e9lyes adatokra m\u00e1r nincs sz\u00fcks\u00e9g\u00fcnk adatkezel\u00e9si c\u00e9lokb\u00f3l, de \u00d6n azokat b\u00edr\u00f3s\u00e1gi jog meg\u00e1llap\u00edt\u00e1s\u00e1hoz, gyakorl\u00e1s\u00e1hoz vagy v\u00e9delm\u00e9hez k\u00e9ri t\u0151l\u00fcnk.<\/li>\n<\/ul>\n<p>Ha az adatok feldolgoz\u00e1s\u00e1t a fent eml\u00edtett esetekben korl\u00e1tozt\u00e1k, az ilyen szem\u00e9lyes adatok &#8211; a t\u00e1rol\u00e1s kiv\u00e9tel\u00e9vel &#8211; csak az \u00d6n hozz\u00e1j\u00e1rul\u00e1s\u00e1val vagy jogi ig\u00e9nyek el\u0151terjeszt\u00e9s\u00e9hez, \u00e9rv\u00e9nyes\u00edt\u00e9s\u00e9hez vagy v\u00e9delm\u00e9hez, vagy m\u00e1s term\u00e9szetes vagy jogi szem\u00e9ly jogainak v\u00e9delme \u00e9rdek\u00e9ben, vagy az Eur\u00f3pai Uni\u00f3 vagy a rom\u00e1n \u00e1llam l\u00e9nyeges k\u00f6z\u00e9rdek\u00e9b\u0151l kezelhet\u0151k.<\/p>\n<p>Ha \u00d6n el\u00e9rte a szem\u00e9lyes adatok feldolgoz\u00e1s\u00e1nak korl\u00e1toz\u00e1s\u00e1t, akkor a feldolgoz\u00e1s korl\u00e1toz\u00e1s\u00e1nak felold\u00e1sa el\u0151tt t\u00e1j\u00e9koztatjuk \u00d6nt.<\/p>\n<p>\u00d6n jogosult arra, hogy az \u00d6nre vonatkoz\u00f3, \u00d6n \u00e1ltal megadott szem\u00e9lyes adatokat struktur\u00e1lt, \u00e1ltal\u00e1nosan haszn\u00e1lt \u00e9s g\u00e9ppel olvashat\u00f3 form\u00e1tumban megkapja. \u00d6n jogosult arra, hogy ezeket az adatokat egy m\u00e1sik adatkezel\u0151nek tov\u00e1bb\u00edtsa, an\u00e9lk\u00fcl, hogy mi akad\u00e1lyozn\u00e1nk, k\u00f6zvetlen\u00fcl t\u0151l\u00fcnk egy m\u00e1sik adatkezel\u0151nek, amennyiben ez technikailag megval\u00f3s\u00edthat\u00f3. A fenti jog gyakorl\u00e1sa nem \u00e9rinti az \u00d6n adatainak t\u00f6rl\u00e9s\u00e9hez val\u00f3 jog\u00e1t.<\/p>\n<p>Minden \u00fcgyf\u00e9lnek joga van ahhoz is, hogy d\u00edjmentesen \u00e9s indokl\u00e1s n\u00e9lk\u00fcl tiltakozzon szem\u00e9lyes adatainak k\u00f6zvetlen marketing c\u00e9l\u00fa feldolgoz\u00e1sa ellen.<\/p>\n<p>A fent eml\u00edtett jogok gyakorl\u00e1s\u00e1hoz b\u00e1rmikor \u00edr\u00e1sos k\u00e9relmet ny\u00fajthat be a <strong>Bihar, Valea lui Mihai, Calea Revolutiei, Nr. 31. sz\u00e1m<\/strong> alatti irod\u00e1nkba. \u00d6nnek joga van jogi l\u00e9p\u00e9seket is tenni.<\/p>\n<p>Az \u00d6n adatait nem tov\u00e1bb\u00edtjuk m\u00e1s orsz\u00e1gba.<\/p>\n<p>Az \u00fczenetk\u00fcld\u0151 \u0171rlapok adatainak kit\u00f6lt\u00e9s\u00e9vel \u00d6n, a felhaszn\u00e1l\u00f3\/v\u00e1s\u00e1rl\u00f3 kifejezetten kijelenti \u00e9s elfogadja, hogy szem\u00e9lyes adatai beker\u00fclnek az al\u00e1bbi adatb\u00e1zisba  <strong>www.vestrex.ro<\/strong>  \u00e9s \u00d6n kifejezett \u00e9s egy\u00e9rtelm\u0171 beleegyez\u00e9s\u00e9t adja ahhoz, hogy az \u00f6sszes ilyen szem\u00e9lyes adatot az \u00d6n \u00e1ltal leadott megrendel\u00e9sek teljes\u00edt\u00e9se vagy az \u00d6nnek k\u00fcld\u00f6tt \u00fczenetek \u00e9s k\u00e9r\u00e9sek megv\u00e1laszol\u00e1sa c\u00e9lj\u00e1b\u00f3l t\u00e1roljuk, felhaszn\u00e1ljuk \u00e9s feldolgozzuk.<\/p>\n<p>A v\u00e1s\u00e1rl\u00f3 szem\u00e9lyes adatai a t\u00f6rv\u00e9nyi rendelkez\u00e9sek alapj\u00e1n \u00e9s keretein bel\u00fcl, valamint kifejezetten megfogalmazott k\u00e9r\u00e9sek alapj\u00e1n \u00e1tadhat\u00f3k az \u00fcgy\u00e9szs\u00e9gnek, a rend\u0151rs\u00e9gnek, a b\u00edr\u00f3s\u00e1goknak \u00e9s az \u00e1llam m\u00e1s felhatalmazott szerveinek is.<\/p>\n<p>\u00d6nnek joga van az \u00d6n \u00e1ltal megadott adatokhoz val\u00f3 hozz\u00e1f\u00e9r\u00e9shez, beavatkoz\u00e1shoz, helyesb\u00edt\u00e9shez \u00e9s tov\u00e1bbvitelhez, az \u00e1ltalunk v\u00e9gzett adatkezel\u00e9s korl\u00e1toz\u00e1s\u00e1hoz, s\u0151t az adatok t\u00f6rl\u00e9s\u00e9t is k\u00e9rheti. Felh\u00edvjuk figyelm\u00e9t, hogy az \u00d6n \u00e1ltal megadott adatokkal kapcsolatos beavatkoz\u00e1s megakad\u00e1lyozhatja az \u00d6n \u00e9s k\u00f6zt\u00fcnk l\u00e9trej\u00f6tt szerz\u0151d\u00e9s teljes\u00edt\u00e9s\u00e9t. Ebben az esetben mentes\u00fcl\u00fcnk a felel\u0151ss\u00e9g al\u00f3l. Ha el\u00e9gedetlen, lehet\u0151s\u00e9ge van arra, hogy panaszt tegyen ellen\u00fcnk a Szem\u00e9lyes Adatok Feldolgoz\u00e1s\u00e1nak Nemzeti Fel\u00fcgyeleti Hat\u00f3s\u00e1g\u00e1n\u00e1l, valamint az illet\u00e9kes b\u00edr\u00f3s\u00e1gokn\u00e1l.<\/p>\n\t\t\t\t\t\t\t\t<\/div>\n\t\t\t\t<\/div>\n\t\t\t\t\t<\/div>\n\t\t<\/div>\n\t\t\t\t\t<\/div>\n\t\t<\/section>\n\t\t\t\t<\/div>\n\t\t","protected":false},"excerpt":{"rendered":"<p>home ADATV\u00c9DELMI POLITIKA Betartjuk a szem\u00e9lyes adatok v\u00e9delm\u00e9re vonatkoz\u00f3 jogi rendelkez\u00e9seket, \u00e9s technikai \u00e9s szervez\u00e9si int\u00e9zked\u00e9seket hajtunk v\u00e9gre a szem\u00e9lyes adatokkal k\u00f6zvetlen\u00fcl vagy k\u00f6zvetve kapcsolatos valamennyi m\u0171velet v\u00e9delme \u00e9rdek\u00e9ben, amelyek megakad\u00e1lyozz\u00e1k a jogosulatlan vagy jogellenes feldolgoz\u00e1st, valamint a v\u00e9letlen vagy jogellenes elveszt\u00e9st vagy megsemmis\u00edt\u00e9st. Az SC VESTREX CONSTRUCTII SRL az \u00fczenetek, k\u00e9r\u00e9sek feldolgoz\u00e1sa \u00e9s azok [&hellip;]<\/p>\n","protected":false},"author":1,"featured_media":0,"parent":0,"menu_order":0,"comment_status":"closed","ping_status":"open","template":"elementor_canvas","meta":{"footnotes":""},"class_list":["post-1482","page","type-page","status-publish","hentry"],"yoast_head":"<!-- This site is optimized with the Yoast SEO plugin v22.8 - https:\/\/yoast.com\/wordpress\/plugins\/seo\/ -->\n<title>Adatv\u00e9delmi ir\u00e1nyelvek - Vestrex Constructii<\/title>\n<meta name=\"robots\" content=\"index, follow, max-snippet:-1, max-image-preview:large, max-video-preview:-1\" \/>\n<link rel=\"canonical\" href=\"https:\/\/vestrex.ro\/hu\/adatvedelmi-iranyelvek\/\" \/>\n<meta property=\"og:locale\" content=\"hu_HU\" \/>\n<meta property=\"og:type\" content=\"article\" \/>\n<meta property=\"og:title\" content=\"Adatv\u00e9delmi ir\u00e1nyelvek - Vestrex Constructii\" \/>\n<meta property=\"og:description\" content=\"home ADATV\u00c9DELMI POLITIKA Betartjuk a szem\u00e9lyes adatok v\u00e9delm\u00e9re vonatkoz\u00f3 jogi rendelkez\u00e9seket, \u00e9s technikai \u00e9s szervez\u00e9si int\u00e9zked\u00e9seket hajtunk v\u00e9gre a szem\u00e9lyes adatokkal k\u00f6zvetlen\u00fcl vagy k\u00f6zvetve kapcsolatos valamennyi m\u0171velet v\u00e9delme \u00e9rdek\u00e9ben, amelyek megakad\u00e1lyozz\u00e1k a jogosulatlan vagy jogellenes feldolgoz\u00e1st, valamint a v\u00e9letlen vagy jogellenes elveszt\u00e9st vagy megsemmis\u00edt\u00e9st. Az SC VESTREX CONSTRUCTII SRL az \u00fczenetek, k\u00e9r\u00e9sek feldolgoz\u00e1sa \u00e9s azok [&hellip;]\" \/>\n<meta property=\"og:url\" content=\"https:\/\/vestrex.ro\/hu\/adatvedelmi-iranyelvek\/\" \/>\n<meta property=\"og:site_name\" content=\"Vestrex Constructii\" \/>\n<meta property=\"article:modified_time\" content=\"2024-06-07T11:37:55+00:00\" \/>\n<meta name=\"twitter:card\" content=\"summary_large_image\" \/>\n<meta name=\"twitter:label1\" content=\"Becs\u00fclt olvas\u00e1si id\u0151\" \/>\n\t<meta name=\"twitter:data1\" content=\"7 perc\" \/>\n<script type=\"application\/ld+json\" class=\"yoast-schema-graph\">{\"@context\":\"https:\/\/schema.org\",\"@graph\":[{\"@type\":\"WebPage\",\"@id\":\"https:\/\/vestrex.ro\/hu\/adatvedelmi-iranyelvek\/\",\"url\":\"https:\/\/vestrex.ro\/hu\/adatvedelmi-iranyelvek\/\",\"name\":\"Adatv\u00e9delmi ir\u00e1nyelvek - Vestrex Constructii\",\"isPartOf\":{\"@id\":\"https:\/\/vestrex.ro\/hu\/#website\"},\"datePublished\":\"2023-02-08T13:42:26+00:00\",\"dateModified\":\"2024-06-07T11:37:55+00:00\",\"breadcrumb\":{\"@id\":\"https:\/\/vestrex.ro\/hu\/adatvedelmi-iranyelvek\/#breadcrumb\"},\"inLanguage\":\"hu\",\"potentialAction\":[{\"@type\":\"ReadAction\",\"target\":[\"https:\/\/vestrex.ro\/hu\/adatvedelmi-iranyelvek\/\"]}]},{\"@type\":\"BreadcrumbList\",\"@id\":\"https:\/\/vestrex.ro\/hu\/adatvedelmi-iranyelvek\/#breadcrumb\",\"itemListElement\":[{\"@type\":\"ListItem\",\"position\":1,\"name\":\"Prima pagin\u0103\",\"item\":\"https:\/\/vestrex.ro\/hu\/home\/\"},{\"@type\":\"ListItem\",\"position\":2,\"name\":\"Adatv\u00e9delmi ir\u00e1nyelvek\"}]},{\"@type\":\"WebSite\",\"@id\":\"https:\/\/vestrex.ro\/hu\/#website\",\"url\":\"https:\/\/vestrex.ro\/hu\/\",\"name\":\"Vestrex Constructii\",\"description\":\"Materiale de constructii\",\"publisher\":{\"@id\":\"https:\/\/vestrex.ro\/hu\/#organization\"},\"potentialAction\":[{\"@type\":\"SearchAction\",\"target\":{\"@type\":\"EntryPoint\",\"urlTemplate\":\"https:\/\/vestrex.ro\/hu\/?s={search_term_string}\"},\"query-input\":\"required name=search_term_string\"}],\"inLanguage\":\"hu\"},{\"@type\":\"Organization\",\"@id\":\"https:\/\/vestrex.ro\/hu\/#organization\",\"name\":\"Vestrex Constructii\",\"url\":\"https:\/\/vestrex.ro\/hu\/\",\"logo\":{\"@type\":\"ImageObject\",\"inLanguage\":\"hu\",\"@id\":\"https:\/\/vestrex.ro\/hu\/#\/schema\/logo\/image\/\",\"url\":\"https:\/\/vestrex.ro\/wp-content\/uploads\/2023\/09\/Vestrex-Logo.webp\",\"contentUrl\":\"https:\/\/vestrex.ro\/wp-content\/uploads\/2023\/09\/Vestrex-Logo.webp\",\"width\":497,\"height\":228,\"caption\":\"Vestrex Constructii\"},\"image\":{\"@id\":\"https:\/\/vestrex.ro\/hu\/#\/schema\/logo\/image\/\"}}]}<\/script>\n<!-- \/ Yoast SEO plugin. -->","yoast_head_json":{"title":"Adatv\u00e9delmi ir\u00e1nyelvek - Vestrex Constructii","robots":{"index":"index","follow":"follow","max-snippet":"max-snippet:-1","max-image-preview":"max-image-preview:large","max-video-preview":"max-video-preview:-1"},"canonical":"https:\/\/vestrex.ro\/hu\/adatvedelmi-iranyelvek\/","og_locale":"hu_HU","og_type":"article","og_title":"Adatv\u00e9delmi ir\u00e1nyelvek - Vestrex Constructii","og_description":"home ADATV\u00c9DELMI POLITIKA Betartjuk a szem\u00e9lyes adatok v\u00e9delm\u00e9re vonatkoz\u00f3 jogi rendelkez\u00e9seket, \u00e9s technikai \u00e9s szervez\u00e9si int\u00e9zked\u00e9seket hajtunk v\u00e9gre a szem\u00e9lyes adatokkal k\u00f6zvetlen\u00fcl vagy k\u00f6zvetve kapcsolatos valamennyi m\u0171velet v\u00e9delme \u00e9rdek\u00e9ben, amelyek megakad\u00e1lyozz\u00e1k a jogosulatlan vagy jogellenes feldolgoz\u00e1st, valamint a v\u00e9letlen vagy jogellenes elveszt\u00e9st vagy megsemmis\u00edt\u00e9st. Az SC VESTREX CONSTRUCTII SRL az \u00fczenetek, k\u00e9r\u00e9sek feldolgoz\u00e1sa \u00e9s azok [&hellip;]","og_url":"https:\/\/vestrex.ro\/hu\/adatvedelmi-iranyelvek\/","og_site_name":"Vestrex Constructii","article_modified_time":"2024-06-07T11:37:55+00:00","twitter_card":"summary_large_image","twitter_misc":{"Becs\u00fclt olvas\u00e1si id\u0151":"7 perc"},"schema":{"@context":"https:\/\/schema.org","@graph":[{"@type":"WebPage","@id":"https:\/\/vestrex.ro\/hu\/adatvedelmi-iranyelvek\/","url":"https:\/\/vestrex.ro\/hu\/adatvedelmi-iranyelvek\/","name":"Adatv\u00e9delmi ir\u00e1nyelvek - Vestrex Constructii","isPartOf":{"@id":"https:\/\/vestrex.ro\/hu\/#website"},"datePublished":"2023-02-08T13:42:26+00:00","dateModified":"2024-06-07T11:37:55+00:00","breadcrumb":{"@id":"https:\/\/vestrex.ro\/hu\/adatvedelmi-iranyelvek\/#breadcrumb"},"inLanguage":"hu","potentialAction":[{"@type":"ReadAction","target":["https:\/\/vestrex.ro\/hu\/adatvedelmi-iranyelvek\/"]}]},{"@type":"BreadcrumbList","@id":"https:\/\/vestrex.ro\/hu\/adatvedelmi-iranyelvek\/#breadcrumb","itemListElement":[{"@type":"ListItem","position":1,"name":"Prima pagin\u0103","item":"https:\/\/vestrex.ro\/hu\/home\/"},{"@type":"ListItem","position":2,"name":"Adatv\u00e9delmi ir\u00e1nyelvek"}]},{"@type":"WebSite","@id":"https:\/\/vestrex.ro\/hu\/#website","url":"https:\/\/vestrex.ro\/hu\/","name":"Vestrex Constructii","description":"Materiale de constructii","publisher":{"@id":"https:\/\/vestrex.ro\/hu\/#organization"},"potentialAction":[{"@type":"SearchAction","target":{"@type":"EntryPoint","urlTemplate":"https:\/\/vestrex.ro\/hu\/?s={search_term_string}"},"query-input":"required name=search_term_string"}],"inLanguage":"hu"},{"@type":"Organization","@id":"https:\/\/vestrex.ro\/hu\/#organization","name":"Vestrex Constructii","url":"https:\/\/vestrex.ro\/hu\/","logo":{"@type":"ImageObject","inLanguage":"hu","@id":"https:\/\/vestrex.ro\/hu\/#\/schema\/logo\/image\/","url":"https:\/\/vestrex.ro\/wp-content\/uploads\/2023\/09\/Vestrex-Logo.webp","contentUrl":"https:\/\/vestrex.ro\/wp-content\/uploads\/2023\/09\/Vestrex-Logo.webp","width":497,"height":228,"caption":"Vestrex Constructii"},"image":{"@id":"https:\/\/vestrex.ro\/hu\/#\/schema\/logo\/image\/"}}]}},"_links":{"self":[{"href":"https:\/\/vestrex.ro\/hu\/wp-json\/wp\/v2\/pages\/1482","targetHints":{"allow":["GET"]}}],"collection":[{"href":"https:\/\/vestrex.ro\/hu\/wp-json\/wp\/v2\/pages"}],"about":[{"href":"https:\/\/vestrex.ro\/hu\/wp-json\/wp\/v2\/types\/page"}],"author":[{"embeddable":true,"href":"https:\/\/vestrex.ro\/hu\/wp-json\/wp\/v2\/users\/1"}],"replies":[{"embeddable":true,"href":"https:\/\/vestrex.ro\/hu\/wp-json\/wp\/v2\/comments?post=1482"}],"version-history":[{"count":5,"href":"https:\/\/vestrex.ro\/hu\/wp-json\/wp\/v2\/pages\/1482\/revisions"}],"predecessor-version":[{"id":1574,"href":"https:\/\/vestrex.ro\/hu\/wp-json\/wp\/v2\/pages\/1482\/revisions\/1574"}],"wp:attachment":[{"href":"https:\/\/vestrex.ro\/hu\/wp-json\/wp\/v2\/media?parent=1482"}],"curies":[{"name":"wp","href":"https:\/\/api.w.org\/{rel}","templated":true}]}}