{"id":1489,"date":"2023-10-26T13:50:14","date_gmt":"2023-10-26T13:50:14","guid":{"rendered":"https:\/\/vestrex.ro\/epitoanyagok\/"},"modified":"2024-06-07T11:37:56","modified_gmt":"2024-06-07T11:37:56","slug":"epitoanyagok","status":"publish","type":"page","link":"https:\/\/vestrex.ro\/hu\/epitoanyagok\/","title":{"rendered":"\u00c9p\u00edt\u0151anyagok"},"content":{"rendered":"\t\t<div data-elementor-type=\"wp-page\" data-elementor-id=\"1489\" class=\"elementor elementor-1489 elementor-927\" data-elementor-post-type=\"page\">\n\t\t\t\t<div class=\"elementor-element elementor-element-e954dae e-flex e-con-boxed e-con e-parent\" data-id=\"e954dae\" data-element_type=\"container\" data-settings=\"{&quot;background_background&quot;:&quot;classic&quot;}\">\n\t\t\t\t\t<div class=\"e-con-inner\">\n\t\t<div class=\"elementor-element elementor-element-cb217e3 e-con-full e-flex e-con e-child\" data-id=\"cb217e3\" data-element_type=\"container\">\n\t\t<div class=\"elementor-element elementor-element-057f424 e-con-full e-flex e-con e-child\" data-id=\"057f424\" data-element_type=\"container\">\n\t\t<div class=\"elementor-element elementor-element-a2a85fc e-con-full e-flex e-con e-child\" data-id=\"a2a85fc\" data-element_type=\"container\">\n\t\t\t\t<div class=\"elementor-element elementor-element-e06d710 elementor-widget-tablet__width-auto elementor-widget elementor-widget-heading\" data-id=\"e06d710\" data-element_type=\"widget\" data-widget_type=\"heading.default\">\n\t\t\t\t<div class=\"elementor-widget-container\">\n\t\t\t\t\t<h5 class=\"elementor-heading-title elementor-size-default\">KATEG\u00d3RI\u00c1K<\/h5>\t\t\t\t<\/div>\n\t\t\t\t<\/div>\n\t\t\t\t<div class=\"elementor-element elementor-element-f67812c elementor-nav-menu--dropdown-tablet elementor-nav-menu__text-align-aside elementor-nav-menu--toggle elementor-nav-menu--burger elementor-widget elementor-widget-nav-menu\" data-id=\"f67812c\" data-element_type=\"widget\" data-settings=\"{&quot;layout&quot;:&quot;vertical&quot;,&quot;toggle_icon_hover_animation&quot;:&quot;pulse&quot;,&quot;sticky&quot;:&quot;top&quot;,&quot;sticky_offset&quot;:100,&quot;sticky_parent&quot;:&quot;yes&quot;,&quot;_animation&quot;:&quot;none&quot;,&quot;submenu_icon&quot;:{&quot;value&quot;:&quot;&lt;i class=\\&quot;fas fa-chevron-down\\&quot;&gt;&lt;\\\/i&gt;&quot;,&quot;library&quot;:&quot;fa-solid&quot;},&quot;toggle&quot;:&quot;burger&quot;,&quot;sticky_on&quot;:[&quot;desktop&quot;,&quot;tablet&quot;,&quot;mobile&quot;],&quot;sticky_effects_offset&quot;:0,&quot;sticky_anchor_link_offset&quot;:0}\" data-widget_type=\"nav-menu.default\">\n\t\t\t\t<div class=\"elementor-widget-container\">\n\t\t\t\t\t\t\t\t<nav aria-label=\"Menu\" class=\"elementor-nav-menu--main elementor-nav-menu__container elementor-nav-menu--layout-vertical e--pointer-none\">\n\t\t\t\t<ul id=\"menu-1-f67812c\" class=\"elementor-nav-menu sm-vertical\"><li class=\"menu-item menu-item-type-post_type menu-item-object-page menu-item-1515\"><a href=\"https:\/\/vestrex.ro\/hu\/epitoanyagok\/\" class=\"elementor-item\">\u00c9p\u00edt\u0151anyagok<\/a><\/li>\n<li class=\"menu-item menu-item-type-post_type menu-item-object-page menu-item-1516\"><a href=\"https:\/\/vestrex.ro\/hu\/tetok\/\" class=\"elementor-item\">Tet\u0151szerkezetek<\/a><\/li>\n<li class=\"menu-item menu-item-type-post_type menu-item-object-page menu-item-1517\"><a href=\"https:\/\/vestrex.ro\/hu\/belso-es-kulso-dekoracio\/\" class=\"elementor-item\">K\u00fcl- \u00e9s belt\u00e9ri dekor\u00e1ci\u00f3k<\/a><\/li>\n<li class=\"menu-item menu-item-type-post_type menu-item-object-page menu-item-1518\"><a href=\"https:\/\/vestrex.ro\/hu\/ho-es-elektromos-rendszerek\/\" class=\"elementor-item\">H\u0151- \u00e9s elektromos rendszerek<\/a><\/li>\n<li class=\"menu-item menu-item-type-post_type menu-item-object-page menu-item-1519\"><a href=\"https:\/\/vestrex.ro\/hu\/kert\/\" class=\"elementor-item\">Kert, udvar<\/a><\/li>\n<li class=\"menu-item menu-item-type-post_type menu-item-object-page menu-item-1520\"><a href=\"https:\/\/vestrex.ro\/hu\/tartozekok\/\" class=\"elementor-item\">Kieg\u00e9sz\u00edt\u0151k<\/a><\/li>\n<\/ul>\t\t\t<\/nav>\n\t\t\t\t\t<div class=\"elementor-menu-toggle\" role=\"button\" tabindex=\"0\" aria-label=\"Menu Toggle\" aria-expanded=\"false\">\n\t\t\t<i aria-hidden=\"true\" role=\"presentation\" class=\"elementor-menu-toggle__icon--open elementor-animation-pulse far fa-bookmark\"><\/i><i aria-hidden=\"true\" role=\"presentation\" class=\"elementor-menu-toggle__icon--close elementor-animation-pulse fas fa-minus\"><\/i>\t\t<\/div>\n\t\t\t\t\t<nav class=\"elementor-nav-menu--dropdown elementor-nav-menu__container\" aria-hidden=\"true\">\n\t\t\t\t<ul id=\"menu-2-f67812c\" class=\"elementor-nav-menu sm-vertical\"><li class=\"menu-item menu-item-type-post_type menu-item-object-page menu-item-1515\"><a href=\"https:\/\/vestrex.ro\/hu\/epitoanyagok\/\" class=\"elementor-item\" tabindex=\"-1\">\u00c9p\u00edt\u0151anyagok<\/a><\/li>\n<li class=\"menu-item menu-item-type-post_type menu-item-object-page menu-item-1516\"><a href=\"https:\/\/vestrex.ro\/hu\/tetok\/\" class=\"elementor-item\" tabindex=\"-1\">Tet\u0151szerkezetek<\/a><\/li>\n<li class=\"menu-item menu-item-type-post_type menu-item-object-page menu-item-1517\"><a href=\"https:\/\/vestrex.ro\/hu\/belso-es-kulso-dekoracio\/\" class=\"elementor-item\" tabindex=\"-1\">K\u00fcl- \u00e9s belt\u00e9ri dekor\u00e1ci\u00f3k<\/a><\/li>\n<li class=\"menu-item menu-item-type-post_type menu-item-object-page menu-item-1518\"><a href=\"https:\/\/vestrex.ro\/hu\/ho-es-elektromos-rendszerek\/\" class=\"elementor-item\" tabindex=\"-1\">H\u0151- \u00e9s elektromos rendszerek<\/a><\/li>\n<li class=\"menu-item menu-item-type-post_type menu-item-object-page menu-item-1519\"><a href=\"https:\/\/vestrex.ro\/hu\/kert\/\" class=\"elementor-item\" tabindex=\"-1\">Kert, udvar<\/a><\/li>\n<li class=\"menu-item menu-item-type-post_type menu-item-object-page menu-item-1520\"><a href=\"https:\/\/vestrex.ro\/hu\/tartozekok\/\" class=\"elementor-item\" tabindex=\"-1\">Kieg\u00e9sz\u00edt\u0151k<\/a><\/li>\n<\/ul>\t\t\t<\/nav>\n\t\t\t\t\t\t<\/div>\n\t\t\t\t<\/div>\n\t\t\t\t<\/div>\n\t\t<div class=\"elementor-element elementor-element-6197af5 e-con-full e-flex e-con e-child\" data-id=\"6197af5\" data-element_type=\"container\">\n\t\t\t\t<div class=\"elementor-element elementor-element-77d646b elementor-widget elementor-widget-gallery\" data-id=\"77d646b\" data-element_type=\"widget\" data-settings=\"{&quot;overlay_title&quot;:&quot;title&quot;,&quot;columns&quot;:3,&quot;gap&quot;:{&quot;unit&quot;:&quot;px&quot;,&quot;size&quot;:5,&quot;sizes&quot;:[]},&quot;gap_tablet&quot;:{&quot;unit&quot;:&quot;px&quot;,&quot;size&quot;:5,&quot;sizes&quot;:[]},&quot;lazyload&quot;:&quot;yes&quot;,&quot;gallery_layout&quot;:&quot;grid&quot;,&quot;columns_tablet&quot;:2,&quot;columns_mobile&quot;:1,&quot;gap_mobile&quot;:{&quot;unit&quot;:&quot;px&quot;,&quot;size&quot;:10,&quot;sizes&quot;:[]},&quot;link_to&quot;:&quot;file&quot;,&quot;aspect_ratio&quot;:&quot;3:2&quot;,&quot;overlay_background&quot;:&quot;yes&quot;,&quot;content_hover_animation&quot;:&quot;fade-in&quot;}\" data-widget_type=\"gallery.default\">\n\t\t\t\t<div class=\"elementor-widget-container\">\n\t\t\t\t\t\t\t\t<div class=\"elementor-gallery__titles-container e--pointer-underline e--animation-fade\" aria-label=\"Gallery filter\">\n\t\t\t\t\n\t\t\t\t\t\t\t\t\t<a class=\"elementor-item elementor-gallery-title\" role=\"button\" tabindex=\"0\" data-gallery-index=\"0\">\n\t\t\t\t\t\t\t\t\t\t\t<\/a>\n\t\t\t\t\t\t\t\t<\/div>\n\t\t\t\t\t<div class=\"elementor-gallery__container\">\n\t\t\t\t\t\t\t<a class=\"e-gallery-item elementor-gallery-item elementor-animated-content\" data-e-gallery-tags=\"0\" href=\"https:\/\/vestrex.ro\/wp-content\/uploads\/2023\/11\/1a1.jpeg\" data-elementor-open-lightbox=\"yes\" data-elementor-lightbox-slideshow=\"77d646b\" data-elementor-lightbox-title=\"Falaz\u00e1s, Zsaluk\u00f6vek, \u00c1thidal\u00f3k\" data-elementor-lightbox-description=\"Falaz\u00e1s, Zsaluk\u00f6vek, \u00c1thidal\u00f3k\" data-e-action-hash=\"#elementor-action%3Aaction%3Dlightbox%26settings%3DeyJpZCI6MTQxNiwidXJsIjoiaHR0cHM6XC9cL3Zlc3RyZXgucm9cL3dwLWNvbnRlbnRcL3VwbG9hZHNcLzIwMjNcLzExXC8xYTEuanBlZyIsInNsaWRlc2hvdyI6Ijc3ZDY0NmIifQ%3D%3D\">\n\t\t\t\t\t<div class=\"e-gallery-image elementor-gallery-item__image\" data-thumbnail=\"https:\/\/vestrex.ro\/wp-content\/uploads\/2023\/11\/1a1-300x300.jpeg\" data-width=\"300\" data-height=\"300\" aria-label=\"\" role=\"img\" ><\/div>\n\t\t\t\t\t\t\t\t\t\t\t<div class=\"elementor-gallery-item__overlay\"><\/div>\n\t\t\t\t\t\t\t\t\t\t\t\t\t\t\t<div class=\"elementor-gallery-item__content\">\n\t\t\t\t\t\t\t\t\t\t\t\t\t\t<div class=\"elementor-gallery-item__title\">\n\t\t\t\t\t\t\t\t\t\t\t\t\t\t\t\t\t\tFalaz\u00e1s, Zsaluk\u00f6vek, \u00c1thidal\u00f3k\t\t\t\t\t\t\t\t<\/div>\n\t\t\t\t\t\t\t\t\t\t\t\t<\/div>\n\t\t\t\t\t\t\t\t\t<\/a>\n\t\t\t\t\t\t\t<a class=\"e-gallery-item elementor-gallery-item elementor-animated-content\" data-e-gallery-tags=\"0\" href=\"https:\/\/vestrex.ro\/wp-content\/uploads\/2023\/11\/1b.jpeg\" data-elementor-open-lightbox=\"yes\" data-elementor-lightbox-slideshow=\"77d646b\" data-elementor-lightbox-title=\"F\u00f6v\u00e9ny, V\u00edzihomok, Kavics, Cement\" data-elementor-lightbox-description=\"F\u00f6v\u00e9ny, V\u00edzihomok, Kavics, Cement\" data-e-action-hash=\"#elementor-action%3Aaction%3Dlightbox%26settings%3DeyJpZCI6MTQxNywidXJsIjoiaHR0cHM6XC9cL3Zlc3RyZXgucm9cL3dwLWNvbnRlbnRcL3VwbG9hZHNcLzIwMjNcLzExXC8xYi5qcGVnIiwic2xpZGVzaG93IjoiNzdkNjQ2YiJ9\">\n\t\t\t\t\t<div class=\"e-gallery-image elementor-gallery-item__image\" data-thumbnail=\"https:\/\/vestrex.ro\/wp-content\/uploads\/2023\/11\/1b-300x225.jpeg\" data-width=\"300\" data-height=\"225\" aria-label=\"\" role=\"img\" ><\/div>\n\t\t\t\t\t\t\t\t\t\t\t<div class=\"elementor-gallery-item__overlay\"><\/div>\n\t\t\t\t\t\t\t\t\t\t\t\t\t\t\t<div class=\"elementor-gallery-item__content\">\n\t\t\t\t\t\t\t\t\t\t\t\t\t\t<div class=\"elementor-gallery-item__title\">\n\t\t\t\t\t\t\t\t\t\t\t\t\t\t\t\t\t\tF\u00f6v\u00e9ny, V\u00edzihomok, Kavics, Cement\t\t\t\t\t\t\t\t<\/div>\n\t\t\t\t\t\t\t\t\t\t\t\t<\/div>\n\t\t\t\t\t\t\t\t\t<\/a>\n\t\t\t\t\t\t\t<a class=\"e-gallery-item elementor-gallery-item elementor-animated-content\" data-e-gallery-tags=\"0\" href=\"https:\/\/vestrex.ro\/wp-content\/uploads\/2023\/11\/1c.jpeg\" data-elementor-open-lightbox=\"yes\" data-elementor-lightbox-slideshow=\"77d646b\" data-elementor-lightbox-title=\"Ragaszt\u00f3, Glett, Vakol\u00f3anyagok\" data-elementor-lightbox-description=\"Ragaszt\u00f3, Glett, Vakol\u00f3anyagok\" data-e-action-hash=\"#elementor-action%3Aaction%3Dlightbox%26settings%3DeyJpZCI6MTQxOCwidXJsIjoiaHR0cHM6XC9cL3Zlc3RyZXgucm9cL3dwLWNvbnRlbnRcL3VwbG9hZHNcLzIwMjNcLzExXC8xYy5qcGVnIiwic2xpZGVzaG93IjoiNzdkNjQ2YiJ9\">\n\t\t\t\t\t<div class=\"e-gallery-image elementor-gallery-item__image\" data-thumbnail=\"https:\/\/vestrex.ro\/wp-content\/uploads\/2023\/11\/1c-300x213.jpeg\" data-width=\"300\" data-height=\"213\" aria-label=\"\" role=\"img\" ><\/div>\n\t\t\t\t\t\t\t\t\t\t\t<div class=\"elementor-gallery-item__overlay\"><\/div>\n\t\t\t\t\t\t\t\t\t\t\t\t\t\t\t<div class=\"elementor-gallery-item__content\">\n\t\t\t\t\t\t\t\t\t\t\t\t\t\t<div class=\"elementor-gallery-item__title\">\n\t\t\t\t\t\t\t\t\t\t\t\t\t\t\t\t\t\tRagaszt\u00f3, Glett, Vakol\u00f3anyagok\t\t\t\t\t\t\t\t<\/div>\n\t\t\t\t\t\t\t\t\t\t\t\t<\/div>\n\t\t\t\t\t\t\t\t\t<\/a>\n\t\t\t\t\t\t\t<a class=\"e-gallery-item elementor-gallery-item elementor-animated-content\" data-e-gallery-tags=\"0\" href=\"https:\/\/vestrex.ro\/wp-content\/uploads\/2023\/11\/1d1.jpeg\" data-elementor-open-lightbox=\"yes\" data-elementor-lightbox-slideshow=\"77d646b\" data-elementor-lightbox-title=\"Gipszkarton, OSB \u00e9s a hozz\u00e1tartoz\u00f3 kieg\u00e9sz\u00edt\u0151k\" data-elementor-lightbox-description=\"Gipszkarton, OSB \u00e9s a hozz\u00e1tartoz\u00f3 kieg\u00e9sz\u00edt\u0151k\" data-e-action-hash=\"#elementor-action%3Aaction%3Dlightbox%26settings%3DeyJpZCI6MTQxOSwidXJsIjoiaHR0cHM6XC9cL3Zlc3RyZXgucm9cL3dwLWNvbnRlbnRcL3VwbG9hZHNcLzIwMjNcLzExXC8xZDEuanBlZyIsInNsaWRlc2hvdyI6Ijc3ZDY0NmIifQ%3D%3D\">\n\t\t\t\t\t<div class=\"e-gallery-image elementor-gallery-item__image\" data-thumbnail=\"https:\/\/vestrex.ro\/wp-content\/uploads\/2023\/11\/1d1-300x300.jpeg\" data-width=\"300\" data-height=\"300\" aria-label=\"\" role=\"img\" ><\/div>\n\t\t\t\t\t\t\t\t\t\t\t<div class=\"elementor-gallery-item__overlay\"><\/div>\n\t\t\t\t\t\t\t\t\t\t\t\t\t\t\t<div class=\"elementor-gallery-item__content\">\n\t\t\t\t\t\t\t\t\t\t\t\t\t\t<div class=\"elementor-gallery-item__title\">\n\t\t\t\t\t\t\t\t\t\t\t\t\t\t\t\t\t\tGipszkarton, OSB \u00e9s a hozz\u00e1tartoz\u00f3 kieg\u00e9sz\u00edt\u0151k\t\t\t\t\t\t\t\t<\/div>\n\t\t\t\t\t\t\t\t\t\t\t\t<\/div>\n\t\t\t\t\t\t\t\t\t<\/a>\n\t\t\t\t\t\t\t<a class=\"e-gallery-item elementor-gallery-item elementor-animated-content\" data-e-gallery-tags=\"0\" href=\"https:\/\/vestrex.ro\/wp-content\/uploads\/2023\/11\/1e.jpeg\" data-elementor-open-lightbox=\"yes\" data-elementor-lightbox-slideshow=\"77d646b\" data-elementor-lightbox-title=\"Szigetel\u0151anyagok, h\u00e1l\u00f3k\" data-elementor-lightbox-description=\"Szigetel\u0151anyagok, h\u00e1l\u00f3k\" data-e-action-hash=\"#elementor-action%3Aaction%3Dlightbox%26settings%3DeyJpZCI6MTQyMCwidXJsIjoiaHR0cHM6XC9cL3Zlc3RyZXgucm9cL3dwLWNvbnRlbnRcL3VwbG9hZHNcLzIwMjNcLzExXC8xZS5qcGVnIiwic2xpZGVzaG93IjoiNzdkNjQ2YiJ9\">\n\t\t\t\t\t<div class=\"e-gallery-image elementor-gallery-item__image\" data-thumbnail=\"https:\/\/vestrex.ro\/wp-content\/uploads\/2023\/11\/1e-300x259.jpeg\" data-width=\"300\" data-height=\"259\" aria-label=\"\" role=\"img\" ><\/div>\n\t\t\t\t\t\t\t\t\t\t\t<div class=\"elementor-gallery-item__overlay\"><\/div>\n\t\t\t\t\t\t\t\t\t\t\t\t\t\t\t<div class=\"elementor-gallery-item__content\">\n\t\t\t\t\t\t\t\t\t\t\t\t\t\t<div class=\"elementor-gallery-item__title\">\n\t\t\t\t\t\t\t\t\t\t\t\t\t\t\t\t\t\tSzigetel\u0151anyagok, h\u00e1l\u00f3k\t\t\t\t\t\t\t\t<\/div>\n\t\t\t\t\t\t\t\t\t\t\t\t<\/div>\n\t\t\t\t\t\t\t\t\t<\/a>\n\t\t\t\t\t\t\t<a class=\"e-gallery-item elementor-gallery-item elementor-animated-content\" data-e-gallery-tags=\"0\" href=\"https:\/\/vestrex.ro\/wp-content\/uploads\/2023\/11\/1f1.jpeg\" data-elementor-open-lightbox=\"yes\" data-elementor-lightbox-slideshow=\"77d646b\" data-elementor-lightbox-title=\"Vas\u00e1r\u00fa, betonvas h\u00e1l\u00f3, horgonyzott dr\u00f3tker\u00edt\u00e9s\" data-elementor-lightbox-description=\"Vas\u00e1r\u00fa, betonvas h\u00e1l\u00f3, horgonyzott dr\u00f3tker\u00edt\u00e9s\" data-e-action-hash=\"#elementor-action%3Aaction%3Dlightbox%26settings%3DeyJpZCI6MTQyMSwidXJsIjoiaHR0cHM6XC9cL3Zlc3RyZXgucm9cL3dwLWNvbnRlbnRcL3VwbG9hZHNcLzIwMjNcLzExXC8xZjEuanBlZyIsInNsaWRlc2hvdyI6Ijc3ZDY0NmIifQ%3D%3D\">\n\t\t\t\t\t<div class=\"e-gallery-image elementor-gallery-item__image\" data-thumbnail=\"https:\/\/vestrex.ro\/wp-content\/uploads\/2023\/11\/1f1-300x300.jpeg\" data-width=\"300\" data-height=\"300\" aria-label=\"\" role=\"img\" ><\/div>\n\t\t\t\t\t\t\t\t\t\t\t<div class=\"elementor-gallery-item__overlay\"><\/div>\n\t\t\t\t\t\t\t\t\t\t\t\t\t\t\t<div class=\"elementor-gallery-item__content\">\n\t\t\t\t\t\t\t\t\t\t\t\t\t\t<div class=\"elementor-gallery-item__title\">\n\t\t\t\t\t\t\t\t\t\t\t\t\t\t\t\t\t\tVas\u00e1r\u00fa, betonvas h\u00e1l\u00f3, horgonyzott dr\u00f3tker\u00edt\u00e9s\t\t\t\t\t\t\t\t<\/div>\n\t\t\t\t\t\t\t\t\t\t\t\t<\/div>\n\t\t\t\t\t\t\t\t\t<\/a>\n\t\t\t\t\t\t\t<a class=\"e-gallery-item elementor-gallery-item elementor-animated-content\" data-e-gallery-tags=\"0\" href=\"https:\/\/vestrex.ro\/wp-content\/uploads\/2024\/05\/Ciment.jpg\" data-elementor-open-lightbox=\"yes\" data-elementor-lightbox-slideshow=\"77d646b\" data-elementor-lightbox-title=\"Cement\" data-elementor-lightbox-description=\"Cement\" data-e-action-hash=\"#elementor-action%3Aaction%3Dlightbox%26settings%3DeyJpZCI6MTQ3MywidXJsIjoiaHR0cHM6XC9cL3Zlc3RyZXgucm9cL3dwLWNvbnRlbnRcL3VwbG9hZHNcLzIwMjRcLzA1XC9DaW1lbnQuanBnIiwic2xpZGVzaG93IjoiNzdkNjQ2YiJ9\">\n\t\t\t\t\t<div class=\"e-gallery-image elementor-gallery-item__image\" data-thumbnail=\"https:\/\/vestrex.ro\/wp-content\/uploads\/2024\/05\/Ciment-225x300.jpg\" data-width=\"225\" data-height=\"300\" aria-label=\"\" role=\"img\" ><\/div>\n\t\t\t\t\t\t\t\t\t\t\t<div class=\"elementor-gallery-item__overlay\"><\/div>\n\t\t\t\t\t\t\t\t\t\t\t\t\t\t\t<div class=\"elementor-gallery-item__content\">\n\t\t\t\t\t\t\t\t\t\t\t\t\t\t<div class=\"elementor-gallery-item__title\">\n\t\t\t\t\t\t\t\t\t\t\t\t\t\t\t\t\t\tCement\t\t\t\t\t\t\t\t<\/div>\n\t\t\t\t\t\t\t\t\t\t\t\t<\/div>\n\t\t\t\t\t\t\t\t\t<\/a>\n\t\t\t\t\t<\/div>\n\t\t\t\t\t<\/div>\n\t\t\t\t<\/div>\n\t\t\t\t<\/div>\n\t\t\t\t<\/div>\n\t\t\t\t<\/div>\n\t\t\t\t\t<\/div>\n\t\t\t\t<\/div>\n\t\t\t\t<\/div>\n\t\t","protected":false},"excerpt":{"rendered":"<p>KATEG\u00d3RI\u00c1K Zidarie si Plansee Balastru, Nisip natural, Sorturi naturale Adezivi, Gleturi si Aditivi Mortare Placi gipscarton, OSB si Accesorii Izolatii Polistiren Produse metalurgice, tevi, sarma Ciment<\/p>\n","protected":false},"author":1,"featured_media":0,"parent":0,"menu_order":0,"comment_status":"closed","ping_status":"closed","template":"elementor_header_footer","meta":{"footnotes":""},"class_list":["post-1489","page","type-page","status-publish","hentry"],"yoast_head":"<!-- This site is optimized with the Yoast SEO plugin v22.8 - https:\/\/yoast.com\/wordpress\/plugins\/seo\/ -->\n<title>\u00c9p\u00edt\u0151anyagok - Vestrex Constructii<\/title>\n<meta name=\"robots\" content=\"index, follow, max-snippet:-1, max-image-preview:large, max-video-preview:-1\" \/>\n<link rel=\"canonical\" href=\"https:\/\/vestrex.ro\/hu\/epitoanyagok\/\" \/>\n<meta property=\"og:locale\" content=\"hu_HU\" \/>\n<meta property=\"og:type\" content=\"article\" \/>\n<meta property=\"og:title\" content=\"\u00c9p\u00edt\u0151anyagok - Vestrex Constructii\" \/>\n<meta property=\"og:description\" content=\"KATEG\u00d3RI\u00c1K Zidarie si Plansee Balastru, Nisip natural, Sorturi naturale Adezivi, Gleturi si Aditivi Mortare Placi gipscarton, OSB si Accesorii Izolatii Polistiren Produse metalurgice, tevi, sarma Ciment\" \/>\n<meta property=\"og:url\" content=\"https:\/\/vestrex.ro\/hu\/epitoanyagok\/\" \/>\n<meta property=\"og:site_name\" content=\"Vestrex Constructii\" \/>\n<meta property=\"article:modified_time\" content=\"2024-06-07T11:37:56+00:00\" \/>\n<meta name=\"twitter:card\" content=\"summary_large_image\" \/>\n<script type=\"application\/ld+json\" class=\"yoast-schema-graph\">{\"@context\":\"https:\/\/schema.org\",\"@graph\":[{\"@type\":\"WebPage\",\"@id\":\"https:\/\/vestrex.ro\/hu\/epitoanyagok\/\",\"url\":\"https:\/\/vestrex.ro\/hu\/epitoanyagok\/\",\"name\":\"\u00c9p\u00edt\u0151anyagok - Vestrex Constructii\",\"isPartOf\":{\"@id\":\"https:\/\/vestrex.ro\/hu\/#website\"},\"datePublished\":\"2023-10-26T13:50:14+00:00\",\"dateModified\":\"2024-06-07T11:37:56+00:00\",\"breadcrumb\":{\"@id\":\"https:\/\/vestrex.ro\/hu\/epitoanyagok\/#breadcrumb\"},\"inLanguage\":\"hu\",\"potentialAction\":[{\"@type\":\"ReadAction\",\"target\":[\"https:\/\/vestrex.ro\/hu\/epitoanyagok\/\"]}]},{\"@type\":\"BreadcrumbList\",\"@id\":\"https:\/\/vestrex.ro\/hu\/epitoanyagok\/#breadcrumb\",\"itemListElement\":[{\"@type\":\"ListItem\",\"position\":1,\"name\":\"Prima pagin\u0103\",\"item\":\"https:\/\/vestrex.ro\/hu\/home\/\"},{\"@type\":\"ListItem\",\"position\":2,\"name\":\"\u00c9p\u00edt\u0151anyagok\"}]},{\"@type\":\"WebSite\",\"@id\":\"https:\/\/vestrex.ro\/hu\/#website\",\"url\":\"https:\/\/vestrex.ro\/hu\/\",\"name\":\"Vestrex Constructii\",\"description\":\"Materiale de constructii\",\"publisher\":{\"@id\":\"https:\/\/vestrex.ro\/hu\/#organization\"},\"potentialAction\":[{\"@type\":\"SearchAction\",\"target\":{\"@type\":\"EntryPoint\",\"urlTemplate\":\"https:\/\/vestrex.ro\/hu\/?s={search_term_string}\"},\"query-input\":\"required name=search_term_string\"}],\"inLanguage\":\"hu\"},{\"@type\":\"Organization\",\"@id\":\"https:\/\/vestrex.ro\/hu\/#organization\",\"name\":\"Vestrex Constructii\",\"url\":\"https:\/\/vestrex.ro\/hu\/\",\"logo\":{\"@type\":\"ImageObject\",\"inLanguage\":\"hu\",\"@id\":\"https:\/\/vestrex.ro\/hu\/#\/schema\/logo\/image\/\",\"url\":\"https:\/\/vestrex.ro\/wp-content\/uploads\/2023\/09\/Vestrex-Logo.webp\",\"contentUrl\":\"https:\/\/vestrex.ro\/wp-content\/uploads\/2023\/09\/Vestrex-Logo.webp\",\"width\":497,\"height\":228,\"caption\":\"Vestrex Constructii\"},\"image\":{\"@id\":\"https:\/\/vestrex.ro\/hu\/#\/schema\/logo\/image\/\"}}]}<\/script>\n<!-- \/ Yoast SEO plugin. -->","yoast_head_json":{"title":"\u00c9p\u00edt\u0151anyagok - Vestrex Constructii","robots":{"index":"index","follow":"follow","max-snippet":"max-snippet:-1","max-image-preview":"max-image-preview:large","max-video-preview":"max-video-preview:-1"},"canonical":"https:\/\/vestrex.ro\/hu\/epitoanyagok\/","og_locale":"hu_HU","og_type":"article","og_title":"\u00c9p\u00edt\u0151anyagok - Vestrex Constructii","og_description":"KATEG\u00d3RI\u00c1K Zidarie si Plansee Balastru, Nisip natural, Sorturi naturale Adezivi, Gleturi si Aditivi Mortare Placi gipscarton, OSB si Accesorii Izolatii Polistiren Produse metalurgice, tevi, sarma Ciment","og_url":"https:\/\/vestrex.ro\/hu\/epitoanyagok\/","og_site_name":"Vestrex Constructii","article_modified_time":"2024-06-07T11:37:56+00:00","twitter_card":"summary_large_image","schema":{"@context":"https:\/\/schema.org","@graph":[{"@type":"WebPage","@id":"https:\/\/vestrex.ro\/hu\/epitoanyagok\/","url":"https:\/\/vestrex.ro\/hu\/epitoanyagok\/","name":"\u00c9p\u00edt\u0151anyagok - Vestrex Constructii","isPartOf":{"@id":"https:\/\/vestrex.ro\/hu\/#website"},"datePublished":"2023-10-26T13:50:14+00:00","dateModified":"2024-06-07T11:37:56+00:00","breadcrumb":{"@id":"https:\/\/vestrex.ro\/hu\/epitoanyagok\/#breadcrumb"},"inLanguage":"hu","potentialAction":[{"@type":"ReadAction","target":["https:\/\/vestrex.ro\/hu\/epitoanyagok\/"]}]},{"@type":"BreadcrumbList","@id":"https:\/\/vestrex.ro\/hu\/epitoanyagok\/#breadcrumb","itemListElement":[{"@type":"ListItem","position":1,"name":"Prima pagin\u0103","item":"https:\/\/vestrex.ro\/hu\/home\/"},{"@type":"ListItem","position":2,"name":"\u00c9p\u00edt\u0151anyagok"}]},{"@type":"WebSite","@id":"https:\/\/vestrex.ro\/hu\/#website","url":"https:\/\/vestrex.ro\/hu\/","name":"Vestrex Constructii","description":"Materiale de constructii","publisher":{"@id":"https:\/\/vestrex.ro\/hu\/#organization"},"potentialAction":[{"@type":"SearchAction","target":{"@type":"EntryPoint","urlTemplate":"https:\/\/vestrex.ro\/hu\/?s={search_term_string}"},"query-input":"required name=search_term_string"}],"inLanguage":"hu"},{"@type":"Organization","@id":"https:\/\/vestrex.ro\/hu\/#organization","name":"Vestrex Constructii","url":"https:\/\/vestrex.ro\/hu\/","logo":{"@type":"ImageObject","inLanguage":"hu","@id":"https:\/\/vestrex.ro\/hu\/#\/schema\/logo\/image\/","url":"https:\/\/vestrex.ro\/wp-content\/uploads\/2023\/09\/Vestrex-Logo.webp","contentUrl":"https:\/\/vestrex.ro\/wp-content\/uploads\/2023\/09\/Vestrex-Logo.webp","width":497,"height":228,"caption":"Vestrex Constructii"},"image":{"@id":"https:\/\/vestrex.ro\/hu\/#\/schema\/logo\/image\/"}}]}},"_links":{"self":[{"href":"https:\/\/vestrex.ro\/hu\/wp-json\/wp\/v2\/pages\/1489","targetHints":{"allow":["GET"]}}],"collection":[{"href":"https:\/\/vestrex.ro\/hu\/wp-json\/wp\/v2\/pages"}],"about":[{"href":"https:\/\/vestrex.ro\/hu\/wp-json\/wp\/v2\/types\/page"}],"author":[{"embeddable":true,"href":"https:\/\/vestrex.ro\/hu\/wp-json\/wp\/v2\/users\/1"}],"replies":[{"embeddable":true,"href":"https:\/\/vestrex.ro\/hu\/wp-json\/wp\/v2\/comments?post=1489"}],"version-history":[{"count":16,"href":"https:\/\/vestrex.ro\/hu\/wp-json\/wp\/v2\/pages\/1489\/revisions"}],"predecessor-version":[{"id":1675,"href":"https:\/\/vestrex.ro\/hu\/wp-json\/wp\/v2\/pages\/1489\/revisions\/1675"}],"wp:attachment":[{"href":"https:\/\/vestrex.ro\/hu\/wp-json\/wp\/v2\/media?parent=1489"}],"curies":[{"name":"wp","href":"https:\/\/api.w.org\/{rel}","templated":true}]}}