{"id":1499,"date":"2023-11-13T14:51:40","date_gmt":"2023-11-13T14:51:40","guid":{"rendered":"https:\/\/vestrex.ro\/belso-es-kulso-dekoracio\/"},"modified":"2024-06-07T11:37:56","modified_gmt":"2024-06-07T11:37:56","slug":"belso-es-kulso-dekoracio","status":"publish","type":"page","link":"https:\/\/vestrex.ro\/hu\/belso-es-kulso-dekoracio\/","title":{"rendered":"Bels\u0151 \u00e9s k\u00fcls\u0151 dekor\u00e1ci\u00f3"},"content":{"rendered":"\t\t<div data-elementor-type=\"wp-page\" data-elementor-id=\"1499\" class=\"elementor elementor-1499 elementor-997\" data-elementor-post-type=\"page\">\n\t\t\t\t<div class=\"elementor-element elementor-element-e954dae e-flex e-con-boxed e-con e-parent\" data-id=\"e954dae\" data-element_type=\"container\" data-settings=\"{&quot;background_background&quot;:&quot;classic&quot;}\">\n\t\t\t\t\t<div class=\"e-con-inner\">\n\t\t<div class=\"elementor-element elementor-element-cb217e3 e-con-full e-flex e-con e-child\" data-id=\"cb217e3\" data-element_type=\"container\">\n\t\t<div class=\"elementor-element elementor-element-057f424 e-con-full e-flex e-con e-child\" data-id=\"057f424\" data-element_type=\"container\">\n\t\t<div class=\"elementor-element elementor-element-a2a85fc e-con-full e-flex e-con e-child\" data-id=\"a2a85fc\" data-element_type=\"container\">\n\t\t\t\t<div class=\"elementor-element elementor-element-e06d710 elementor-widget-tablet__width-auto elementor-widget elementor-widget-heading\" data-id=\"e06d710\" data-element_type=\"widget\" data-widget_type=\"heading.default\">\n\t\t\t\t<div class=\"elementor-widget-container\">\n\t\t\t\t\t<h5 class=\"elementor-heading-title elementor-size-default\">KATEG\u00d3RI\u00c1K<\/h5>\t\t\t\t<\/div>\n\t\t\t\t<\/div>\n\t\t\t\t<div class=\"elementor-element elementor-element-f67812c elementor-nav-menu--dropdown-tablet elementor-nav-menu__text-align-aside elementor-nav-menu--toggle elementor-nav-menu--burger elementor-widget elementor-widget-nav-menu\" data-id=\"f67812c\" data-element_type=\"widget\" data-settings=\"{&quot;layout&quot;:&quot;vertical&quot;,&quot;toggle_icon_hover_animation&quot;:&quot;pulse&quot;,&quot;sticky&quot;:&quot;top&quot;,&quot;sticky_offset&quot;:100,&quot;sticky_parent&quot;:&quot;yes&quot;,&quot;_animation&quot;:&quot;none&quot;,&quot;submenu_icon&quot;:{&quot;value&quot;:&quot;&lt;i class=\\&quot;fas fa-chevron-down\\&quot;&gt;&lt;\\\/i&gt;&quot;,&quot;library&quot;:&quot;fa-solid&quot;},&quot;toggle&quot;:&quot;burger&quot;,&quot;sticky_on&quot;:[&quot;desktop&quot;,&quot;tablet&quot;,&quot;mobile&quot;],&quot;sticky_effects_offset&quot;:0,&quot;sticky_anchor_link_offset&quot;:0}\" data-widget_type=\"nav-menu.default\">\n\t\t\t\t<div class=\"elementor-widget-container\">\n\t\t\t\t\t\t\t\t<nav aria-label=\"Menu\" class=\"elementor-nav-menu--main elementor-nav-menu__container elementor-nav-menu--layout-vertical e--pointer-none\">\n\t\t\t\t<ul id=\"menu-1-f67812c\" class=\"elementor-nav-menu sm-vertical\"><li class=\"menu-item menu-item-type-post_type menu-item-object-page menu-item-1515\"><a href=\"https:\/\/vestrex.ro\/hu\/epitoanyagok\/\" class=\"elementor-item\">\u00c9p\u00edt\u0151anyagok<\/a><\/li>\n<li class=\"menu-item menu-item-type-post_type menu-item-object-page menu-item-1516\"><a href=\"https:\/\/vestrex.ro\/hu\/tetok\/\" class=\"elementor-item\">Tet\u0151szerkezetek<\/a><\/li>\n<li class=\"menu-item menu-item-type-post_type menu-item-object-page menu-item-1517\"><a href=\"https:\/\/vestrex.ro\/hu\/belso-es-kulso-dekoracio\/\" class=\"elementor-item\">K\u00fcl- \u00e9s belt\u00e9ri dekor\u00e1ci\u00f3k<\/a><\/li>\n<li class=\"menu-item menu-item-type-post_type menu-item-object-page menu-item-1518\"><a href=\"https:\/\/vestrex.ro\/hu\/ho-es-elektromos-rendszerek\/\" class=\"elementor-item\">H\u0151- \u00e9s elektromos rendszerek<\/a><\/li>\n<li class=\"menu-item menu-item-type-post_type menu-item-object-page menu-item-1519\"><a href=\"https:\/\/vestrex.ro\/hu\/kert\/\" class=\"elementor-item\">Kert, udvar<\/a><\/li>\n<li class=\"menu-item menu-item-type-post_type menu-item-object-page menu-item-1520\"><a href=\"https:\/\/vestrex.ro\/hu\/tartozekok\/\" class=\"elementor-item\">Kieg\u00e9sz\u00edt\u0151k<\/a><\/li>\n<\/ul>\t\t\t<\/nav>\n\t\t\t\t\t<div class=\"elementor-menu-toggle\" role=\"button\" tabindex=\"0\" aria-label=\"Menu Toggle\" aria-expanded=\"false\">\n\t\t\t<i aria-hidden=\"true\" role=\"presentation\" class=\"elementor-menu-toggle__icon--open elementor-animation-pulse far fa-bookmark\"><\/i><i aria-hidden=\"true\" role=\"presentation\" class=\"elementor-menu-toggle__icon--close elementor-animation-pulse fas fa-minus\"><\/i>\t\t<\/div>\n\t\t\t\t\t<nav class=\"elementor-nav-menu--dropdown elementor-nav-menu__container\" aria-hidden=\"true\">\n\t\t\t\t<ul id=\"menu-2-f67812c\" class=\"elementor-nav-menu sm-vertical\"><li class=\"menu-item menu-item-type-post_type menu-item-object-page menu-item-1515\"><a href=\"https:\/\/vestrex.ro\/hu\/epitoanyagok\/\" class=\"elementor-item\" tabindex=\"-1\">\u00c9p\u00edt\u0151anyagok<\/a><\/li>\n<li class=\"menu-item menu-item-type-post_type menu-item-object-page menu-item-1516\"><a href=\"https:\/\/vestrex.ro\/hu\/tetok\/\" class=\"elementor-item\" tabindex=\"-1\">Tet\u0151szerkezetek<\/a><\/li>\n<li class=\"menu-item menu-item-type-post_type menu-item-object-page menu-item-1517\"><a href=\"https:\/\/vestrex.ro\/hu\/belso-es-kulso-dekoracio\/\" class=\"elementor-item\" tabindex=\"-1\">K\u00fcl- \u00e9s belt\u00e9ri dekor\u00e1ci\u00f3k<\/a><\/li>\n<li class=\"menu-item menu-item-type-post_type menu-item-object-page menu-item-1518\"><a href=\"https:\/\/vestrex.ro\/hu\/ho-es-elektromos-rendszerek\/\" class=\"elementor-item\" tabindex=\"-1\">H\u0151- \u00e9s elektromos rendszerek<\/a><\/li>\n<li class=\"menu-item menu-item-type-post_type menu-item-object-page menu-item-1519\"><a href=\"https:\/\/vestrex.ro\/hu\/kert\/\" class=\"elementor-item\" tabindex=\"-1\">Kert, udvar<\/a><\/li>\n<li class=\"menu-item menu-item-type-post_type menu-item-object-page menu-item-1520\"><a href=\"https:\/\/vestrex.ro\/hu\/tartozekok\/\" class=\"elementor-item\" tabindex=\"-1\">Kieg\u00e9sz\u00edt\u0151k<\/a><\/li>\n<\/ul>\t\t\t<\/nav>\n\t\t\t\t\t\t<\/div>\n\t\t\t\t<\/div>\n\t\t\t\t<\/div>\n\t\t<div class=\"elementor-element elementor-element-6197af5 e-con-full e-flex e-con e-child\" data-id=\"6197af5\" data-element_type=\"container\">\n\t\t\t\t<div class=\"elementor-element elementor-element-4762d08 elementor-widget elementor-widget-gallery\" data-id=\"4762d08\" data-element_type=\"widget\" data-settings=\"{&quot;overlay_title&quot;:&quot;title&quot;,&quot;columns&quot;:3,&quot;gap&quot;:{&quot;unit&quot;:&quot;px&quot;,&quot;size&quot;:5,&quot;sizes&quot;:[]},&quot;gap_tablet&quot;:{&quot;unit&quot;:&quot;px&quot;,&quot;size&quot;:5,&quot;sizes&quot;:[]},&quot;lazyload&quot;:&quot;yes&quot;,&quot;gallery_layout&quot;:&quot;grid&quot;,&quot;columns_tablet&quot;:2,&quot;columns_mobile&quot;:1,&quot;gap_mobile&quot;:{&quot;unit&quot;:&quot;px&quot;,&quot;size&quot;:10,&quot;sizes&quot;:[]},&quot;link_to&quot;:&quot;file&quot;,&quot;aspect_ratio&quot;:&quot;3:2&quot;,&quot;overlay_background&quot;:&quot;yes&quot;,&quot;content_hover_animation&quot;:&quot;fade-in&quot;}\" data-widget_type=\"gallery.default\">\n\t\t\t\t<div class=\"elementor-widget-container\">\n\t\t\t\t\t\t\t\t<div class=\"elementor-gallery__titles-container e--pointer-underline e--animation-fade\" aria-label=\"Gallery filter\">\n\t\t\t\t\n\t\t\t\t\t\t\t\t\t<a class=\"elementor-item elementor-gallery-title\" role=\"button\" tabindex=\"0\" data-gallery-index=\"0\">\n\t\t\t\t\t\t\t\t\t\t\t<\/a>\n\t\t\t\t\t\t\t\t<\/div>\n\t\t\t\t\t<div class=\"elementor-gallery__container\">\n\t\t\t\t\t\t\t<a class=\"e-gallery-item elementor-gallery-item elementor-animated-content\" data-e-gallery-tags=\"0\" href=\"https:\/\/vestrex.ro\/wp-content\/uploads\/2023\/10\/Vopsele-lavabile-de-interior-si-exterior.webp\" data-elementor-open-lightbox=\"yes\" data-elementor-lightbox-slideshow=\"4762d08\" data-elementor-lightbox-title=\"K\u00fcl- \u00e9s belt\u00e9ri falfest\u00e9kek\" data-elementor-lightbox-description=\"K\u00fcl- \u00e9s belt\u00e9ri falfest\u00e9kek\" data-e-action-hash=\"#elementor-action%3Aaction%3Dlightbox%26settings%3DeyJpZCI6MTQwOSwidXJsIjoiaHR0cHM6XC9cL3Zlc3RyZXgucm9cL3dwLWNvbnRlbnRcL3VwbG9hZHNcLzIwMjNcLzEwXC9Wb3BzZWxlLWxhdmFiaWxlLWRlLWludGVyaW9yLXNpLWV4dGVyaW9yLndlYnAiLCJzbGlkZXNob3ciOiI0NzYyZDA4In0%3D\">\n\t\t\t\t\t<div class=\"e-gallery-image elementor-gallery-item__image\" data-thumbnail=\"https:\/\/vestrex.ro\/wp-content\/uploads\/2023\/10\/Vopsele-lavabile-de-interior-si-exterior-300x200.webp\" data-width=\"300\" data-height=\"200\" aria-label=\"\" role=\"img\" ><\/div>\n\t\t\t\t\t\t\t\t\t\t\t<div class=\"elementor-gallery-item__overlay\"><\/div>\n\t\t\t\t\t\t\t\t\t\t\t\t\t\t\t<div class=\"elementor-gallery-item__content\">\n\t\t\t\t\t\t\t\t\t\t\t\t\t\t<div class=\"elementor-gallery-item__title\">\n\t\t\t\t\t\t\t\t\t\t\t\t\t\t\t\t\t\tK\u00fcl- \u00e9s belt\u00e9ri falfest\u00e9kek\t\t\t\t\t\t\t\t<\/div>\n\t\t\t\t\t\t\t\t\t\t\t\t<\/div>\n\t\t\t\t\t\t\t\t\t<\/a>\n\t\t\t\t\t\t\t<a class=\"e-gallery-item elementor-gallery-item elementor-animated-content\" data-e-gallery-tags=\"0\" href=\"https:\/\/vestrex.ro\/wp-content\/uploads\/2023\/10\/Tencuieli-decorative-Tapet.webp\" data-elementor-open-lightbox=\"yes\" data-elementor-lightbox-slideshow=\"4762d08\" data-elementor-lightbox-title=\"G\u00e9pi kever\u00e9s\u0171 nemesvakolat, Tap\u00e9ta\" data-elementor-lightbox-description=\"G\u00e9pi kever\u00e9s\u0171 nemesvakolat, Tap\u00e9ta\" data-e-action-hash=\"#elementor-action%3Aaction%3Dlightbox%26settings%3DeyJpZCI6MTQwNSwidXJsIjoiaHR0cHM6XC9cL3Zlc3RyZXgucm9cL3dwLWNvbnRlbnRcL3VwbG9hZHNcLzIwMjNcLzEwXC9UZW5jdWllbGktZGVjb3JhdGl2ZS1UYXBldC53ZWJwIiwic2xpZGVzaG93IjoiNDc2MmQwOCJ9\">\n\t\t\t\t\t<div class=\"e-gallery-image elementor-gallery-item__image\" data-thumbnail=\"https:\/\/vestrex.ro\/wp-content\/uploads\/2023\/10\/Tencuieli-decorative-Tapet-300x200.webp\" data-width=\"300\" data-height=\"200\" aria-label=\"\" role=\"img\" ><\/div>\n\t\t\t\t\t\t\t\t\t\t\t<div class=\"elementor-gallery-item__overlay\"><\/div>\n\t\t\t\t\t\t\t\t\t\t\t\t\t\t\t<div class=\"elementor-gallery-item__content\">\n\t\t\t\t\t\t\t\t\t\t\t\t\t\t<div class=\"elementor-gallery-item__title\">\n\t\t\t\t\t\t\t\t\t\t\t\t\t\t\t\t\t\tG\u00e9pi kever\u00e9s\u0171 nemesvakolat, Tap\u00e9ta\t\t\t\t\t\t\t\t<\/div>\n\t\t\t\t\t\t\t\t\t\t\t\t<\/div>\n\t\t\t\t\t\t\t\t\t<\/a>\n\t\t\t\t\t\t\t<a class=\"e-gallery-item elementor-gallery-item elementor-animated-content\" data-e-gallery-tags=\"0\" href=\"https:\/\/vestrex.ro\/wp-content\/uploads\/2023\/10\/Gresie-si-Faianta-Chituri-si-profile.webp\" data-elementor-open-lightbox=\"yes\" data-elementor-lightbox-slideshow=\"4762d08\" data-elementor-lightbox-title=\"Falicsemp\u00e9k, J\u00e1r\u00f3lapok, t\u00f6m\u00edt\u0151anyagok \u00e9s profilok\" data-elementor-lightbox-description=\"Falicsemp\u00e9k, J\u00e1r\u00f3lapok, t\u00f6m\u00edt\u0151anyagok \u00e9s profilok\" data-e-action-hash=\"#elementor-action%3Aaction%3Dlightbox%26settings%3DeyJpZCI6MTM5NiwidXJsIjoiaHR0cHM6XC9cL3Zlc3RyZXgucm9cL3dwLWNvbnRlbnRcL3VwbG9hZHNcLzIwMjNcLzEwXC9HcmVzaWUtc2ktRmFpYW50YS1DaGl0dXJpLXNpLXByb2ZpbGUud2VicCIsInNsaWRlc2hvdyI6IjQ3NjJkMDgifQ%3D%3D\">\n\t\t\t\t\t<div class=\"e-gallery-image elementor-gallery-item__image\" data-thumbnail=\"https:\/\/vestrex.ro\/wp-content\/uploads\/2023\/10\/Gresie-si-Faianta-Chituri-si-profile-300x228.webp\" data-width=\"300\" data-height=\"228\" aria-label=\"\" role=\"img\" ><\/div>\n\t\t\t\t\t\t\t\t\t\t\t<div class=\"elementor-gallery-item__overlay\"><\/div>\n\t\t\t\t\t\t\t\t\t\t\t\t\t\t\t<div class=\"elementor-gallery-item__content\">\n\t\t\t\t\t\t\t\t\t\t\t\t\t\t<div class=\"elementor-gallery-item__title\">\n\t\t\t\t\t\t\t\t\t\t\t\t\t\t\t\t\t\tFalicsemp\u00e9k, J\u00e1r\u00f3lapok, t\u00f6m\u00edt\u0151anyagok \u00e9s profilok\t\t\t\t\t\t\t\t<\/div>\n\t\t\t\t\t\t\t\t\t\t\t\t<\/div>\n\t\t\t\t\t\t\t\t\t<\/a>\n\t\t\t\t\t\t\t<a class=\"e-gallery-item elementor-gallery-item elementor-animated-content\" data-e-gallery-tags=\"0\" href=\"https:\/\/vestrex.ro\/wp-content\/uploads\/2023\/10\/Parchet-laminat-Parchet-PVC-Lambriu.webp\" data-elementor-open-lightbox=\"yes\" data-elementor-lightbox-slideshow=\"4762d08\" data-elementor-lightbox-title=\"Lamin\u00e1ltpadl\u00f3, PVC padl\u00f3, Fa \u00e9s m\u0171anyag lamb\u00e9ria\" data-elementor-lightbox-description=\"Lamin\u00e1ltpadl\u00f3, PVC padl\u00f3, Fa \u00e9s m\u0171anyag lamb\u00e9ria\" data-e-action-hash=\"#elementor-action%3Aaction%3Dlightbox%26settings%3DeyJpZCI6MTM5OCwidXJsIjoiaHR0cHM6XC9cL3Zlc3RyZXgucm9cL3dwLWNvbnRlbnRcL3VwbG9hZHNcLzIwMjNcLzEwXC9QYXJjaGV0LWxhbWluYXQtUGFyY2hldC1QVkMtTGFtYnJpdS53ZWJwIiwic2xpZGVzaG93IjoiNDc2MmQwOCJ9\">\n\t\t\t\t\t<div class=\"e-gallery-image elementor-gallery-item__image\" data-thumbnail=\"https:\/\/vestrex.ro\/wp-content\/uploads\/2023\/10\/Parchet-laminat-Parchet-PVC-Lambriu-300x200.webp\" data-width=\"300\" data-height=\"200\" aria-label=\"\" role=\"img\" ><\/div>\n\t\t\t\t\t\t\t\t\t\t\t<div class=\"elementor-gallery-item__overlay\"><\/div>\n\t\t\t\t\t\t\t\t\t\t\t\t\t\t\t<div class=\"elementor-gallery-item__content\">\n\t\t\t\t\t\t\t\t\t\t\t\t\t\t<div class=\"elementor-gallery-item__title\">\n\t\t\t\t\t\t\t\t\t\t\t\t\t\t\t\t\t\tLamin\u00e1ltpadl\u00f3, PVC padl\u00f3, Fa \u00e9s m\u0171anyag lamb\u00e9ria\t\t\t\t\t\t\t\t<\/div>\n\t\t\t\t\t\t\t\t\t\t\t\t<\/div>\n\t\t\t\t\t\t\t\t\t<\/a>\n\t\t\t\t\t\t\t<a class=\"e-gallery-item elementor-gallery-item elementor-animated-content\" data-e-gallery-tags=\"0\" href=\"https:\/\/vestrex.ro\/wp-content\/uploads\/2023\/11\/3e.jpeg\" data-elementor-open-lightbox=\"yes\" data-elementor-lightbox-slideshow=\"4762d08\" data-elementor-lightbox-title=\"Hungarocell burkol\u00f3lapok, k\u00fcl- \u00e9s belt\u00e9ri dekorprofilok\" data-elementor-lightbox-description=\"Hungarocell burkol\u00f3lapok, k\u00fcl- \u00e9s belt\u00e9ri dekorprofilok\" data-e-action-hash=\"#elementor-action%3Aaction%3Dlightbox%26settings%3DeyJpZCI6MTQyNSwidXJsIjoiaHR0cHM6XC9cL3Zlc3RyZXgucm9cL3dwLWNvbnRlbnRcL3VwbG9hZHNcLzIwMjNcLzExXC8zZS5qcGVnIiwic2xpZGVzaG93IjoiNDc2MmQwOCJ9\">\n\t\t\t\t\t<div class=\"e-gallery-image elementor-gallery-item__image\" data-thumbnail=\"https:\/\/vestrex.ro\/wp-content\/uploads\/2023\/11\/3e-300x300.jpeg\" data-width=\"300\" data-height=\"300\" aria-label=\"\" role=\"img\" ><\/div>\n\t\t\t\t\t\t\t\t\t\t\t<div class=\"elementor-gallery-item__overlay\"><\/div>\n\t\t\t\t\t\t\t\t\t\t\t\t\t\t\t<div class=\"elementor-gallery-item__content\">\n\t\t\t\t\t\t\t\t\t\t\t\t\t\t<div class=\"elementor-gallery-item__title\">\n\t\t\t\t\t\t\t\t\t\t\t\t\t\t\t\t\t\tHungarocell burkol\u00f3lapok, k\u00fcl- \u00e9s belt\u00e9ri dekorprofilok\t\t\t\t\t\t\t\t<\/div>\n\t\t\t\t\t\t\t\t\t\t\t\t<\/div>\n\t\t\t\t\t\t\t\t\t<\/a>\n\t\t\t\t\t\t\t<a class=\"e-gallery-item elementor-gallery-item elementor-animated-content\" data-e-gallery-tags=\"0\" href=\"https:\/\/vestrex.ro\/wp-content\/uploads\/2023\/11\/Vopsea-ulei-Protectie-de-lemne-si-pietre.jpg\" data-elementor-open-lightbox=\"yes\" data-elementor-lightbox-slideshow=\"4762d08\" data-elementor-lightbox-title=\"Olajfest\u00e9kek, Fa- \u00e9s k\u0151\u00e1pol\u00f3k\" data-elementor-lightbox-description=\"Olajfest\u00e9kek, Fa- \u00e9s k\u0151\u00e1pol\u00f3k\" data-e-action-hash=\"#elementor-action%3Aaction%3Dlightbox%26settings%3DeyJpZCI6MTQyNiwidXJsIjoiaHR0cHM6XC9cL3Zlc3RyZXgucm9cL3dwLWNvbnRlbnRcL3VwbG9hZHNcLzIwMjNcLzExXC9Wb3BzZWEtdWxlaS1Qcm90ZWN0aWUtZGUtbGVtbmUtc2ktcGlldHJlLmpwZyIsInNsaWRlc2hvdyI6IjQ3NjJkMDgifQ%3D%3D\">\n\t\t\t\t\t<div class=\"e-gallery-image elementor-gallery-item__image\" data-thumbnail=\"https:\/\/vestrex.ro\/wp-content\/uploads\/2023\/11\/Vopsea-ulei-Protectie-de-lemne-si-pietre-300x200.jpg\" data-width=\"300\" data-height=\"200\" aria-label=\"\" role=\"img\" ><\/div>\n\t\t\t\t\t\t\t\t\t\t\t<div class=\"elementor-gallery-item__overlay\"><\/div>\n\t\t\t\t\t\t\t\t\t\t\t\t\t\t\t<div class=\"elementor-gallery-item__content\">\n\t\t\t\t\t\t\t\t\t\t\t\t\t\t<div class=\"elementor-gallery-item__title\">\n\t\t\t\t\t\t\t\t\t\t\t\t\t\t\t\t\t\tOlajfest\u00e9kek, Fa- \u00e9s k\u0151\u00e1pol\u00f3k\t\t\t\t\t\t\t\t<\/div>\n\t\t\t\t\t\t\t\t\t\t\t\t<\/div>\n\t\t\t\t\t\t\t\t\t<\/a>\n\t\t\t\t\t\t\t<a class=\"e-gallery-item elementor-gallery-item elementor-animated-content\" data-e-gallery-tags=\"0\" href=\"https:\/\/vestrex.ro\/wp-content\/uploads\/2023\/11\/Usi-si-geamuri-PVC-si-Lemn-scaled.jpg\" data-elementor-open-lightbox=\"yes\" data-elementor-lightbox-slideshow=\"4762d08\" data-elementor-lightbox-title=\"PVC \u00e9s Fa ny\u00edl\u00e1sz\u00e1r\u00f3k\" data-elementor-lightbox-description=\"PVC \u00e9s Fa ny\u00edl\u00e1sz\u00e1r\u00f3k\" data-e-action-hash=\"#elementor-action%3Aaction%3Dlightbox%26settings%3DeyJpZCI6MTQyNywidXJsIjoiaHR0cHM6XC9cL3Zlc3RyZXgucm9cL3dwLWNvbnRlbnRcL3VwbG9hZHNcLzIwMjNcLzExXC9Vc2ktc2ktZ2VhbXVyaS1QVkMtc2ktTGVtbi1zY2FsZWQuanBnIiwic2xpZGVzaG93IjoiNDc2MmQwOCJ9\">\n\t\t\t\t\t<div class=\"e-gallery-image elementor-gallery-item__image\" data-thumbnail=\"https:\/\/vestrex.ro\/wp-content\/uploads\/2023\/11\/Usi-si-geamuri-PVC-si-Lemn-300x200.jpg\" data-width=\"300\" data-height=\"200\" aria-label=\"\" role=\"img\" ><\/div>\n\t\t\t\t\t\t\t\t\t\t\t<div class=\"elementor-gallery-item__overlay\"><\/div>\n\t\t\t\t\t\t\t\t\t\t\t\t\t\t\t<div class=\"elementor-gallery-item__content\">\n\t\t\t\t\t\t\t\t\t\t\t\t\t\t<div class=\"elementor-gallery-item__title\">\n\t\t\t\t\t\t\t\t\t\t\t\t\t\t\t\t\t\tPVC \u00e9s Fa ny\u00edl\u00e1sz\u00e1r\u00f3k\t\t\t\t\t\t\t\t<\/div>\n\t\t\t\t\t\t\t\t\t\t\t\t<\/div>\n\t\t\t\t\t\t\t\t\t<\/a>\n\t\t\t\t\t<\/div>\n\t\t\t\t\t<\/div>\n\t\t\t\t<\/div>\n\t\t\t\t<\/div>\n\t\t\t\t<\/div>\n\t\t\t\t<\/div>\n\t\t\t\t\t<\/div>\n\t\t\t\t<\/div>\n\t\t\t\t<\/div>\n\t\t","protected":false},"excerpt":{"rendered":"<p>KATEG\u00d3RI\u00c1K Vopsele lavabile de interior si exterior Tencuieli decorative, Tapet Gresie si Faianta, Chituri si profile Parchet laminat, Parchet PVC, Lambriu Tavane si Profile decorative de interior si exterior Vopsea ulei, Protectie de lemne si pietre Usi si geamuri PVC si Lemn<\/p>\n","protected":false},"author":1,"featured_media":0,"parent":0,"menu_order":0,"comment_status":"closed","ping_status":"closed","template":"elementor_header_footer","meta":{"footnotes":""},"class_list":["post-1499","page","type-page","status-publish","hentry"],"yoast_head":"<!-- This site is optimized with the Yoast SEO plugin v22.8 - https:\/\/yoast.com\/wordpress\/plugins\/seo\/ -->\n<title>Bels\u0151 \u00e9s k\u00fcls\u0151 dekor\u00e1ci\u00f3 - Vestrex Constructii<\/title>\n<meta name=\"robots\" content=\"index, follow, max-snippet:-1, max-image-preview:large, max-video-preview:-1\" \/>\n<link rel=\"canonical\" href=\"https:\/\/vestrex.ro\/hu\/belso-es-kulso-dekoracio\/\" \/>\n<meta property=\"og:locale\" content=\"hu_HU\" \/>\n<meta property=\"og:type\" content=\"article\" \/>\n<meta property=\"og:title\" content=\"Bels\u0151 \u00e9s k\u00fcls\u0151 dekor\u00e1ci\u00f3 - Vestrex Constructii\" \/>\n<meta property=\"og:description\" content=\"KATEG\u00d3RI\u00c1K Vopsele lavabile de interior si exterior Tencuieli decorative, Tapet Gresie si Faianta, Chituri si profile Parchet laminat, Parchet PVC, Lambriu Tavane si Profile decorative de interior si exterior Vopsea ulei, Protectie de lemne si pietre Usi si geamuri PVC si Lemn\" \/>\n<meta property=\"og:url\" content=\"https:\/\/vestrex.ro\/hu\/belso-es-kulso-dekoracio\/\" \/>\n<meta property=\"og:site_name\" content=\"Vestrex Constructii\" \/>\n<meta property=\"article:modified_time\" content=\"2024-06-07T11:37:56+00:00\" \/>\n<meta name=\"twitter:card\" content=\"summary_large_image\" \/>\n<script type=\"application\/ld+json\" class=\"yoast-schema-graph\">{\"@context\":\"https:\/\/schema.org\",\"@graph\":[{\"@type\":\"WebPage\",\"@id\":\"https:\/\/vestrex.ro\/hu\/belso-es-kulso-dekoracio\/\",\"url\":\"https:\/\/vestrex.ro\/hu\/belso-es-kulso-dekoracio\/\",\"name\":\"Bels\u0151 \u00e9s k\u00fcls\u0151 dekor\u00e1ci\u00f3 - Vestrex Constructii\",\"isPartOf\":{\"@id\":\"https:\/\/vestrex.ro\/hu\/#website\"},\"datePublished\":\"2023-11-13T14:51:40+00:00\",\"dateModified\":\"2024-06-07T11:37:56+00:00\",\"breadcrumb\":{\"@id\":\"https:\/\/vestrex.ro\/hu\/belso-es-kulso-dekoracio\/#breadcrumb\"},\"inLanguage\":\"hu\",\"potentialAction\":[{\"@type\":\"ReadAction\",\"target\":[\"https:\/\/vestrex.ro\/hu\/belso-es-kulso-dekoracio\/\"]}]},{\"@type\":\"BreadcrumbList\",\"@id\":\"https:\/\/vestrex.ro\/hu\/belso-es-kulso-dekoracio\/#breadcrumb\",\"itemListElement\":[{\"@type\":\"ListItem\",\"position\":1,\"name\":\"Prima pagin\u0103\",\"item\":\"https:\/\/vestrex.ro\/hu\/home\/\"},{\"@type\":\"ListItem\",\"position\":2,\"name\":\"Bels\u0151 \u00e9s k\u00fcls\u0151 dekor\u00e1ci\u00f3\"}]},{\"@type\":\"WebSite\",\"@id\":\"https:\/\/vestrex.ro\/hu\/#website\",\"url\":\"https:\/\/vestrex.ro\/hu\/\",\"name\":\"Vestrex Constructii\",\"description\":\"Materiale de constructii\",\"publisher\":{\"@id\":\"https:\/\/vestrex.ro\/hu\/#organization\"},\"potentialAction\":[{\"@type\":\"SearchAction\",\"target\":{\"@type\":\"EntryPoint\",\"urlTemplate\":\"https:\/\/vestrex.ro\/hu\/?s={search_term_string}\"},\"query-input\":\"required name=search_term_string\"}],\"inLanguage\":\"hu\"},{\"@type\":\"Organization\",\"@id\":\"https:\/\/vestrex.ro\/hu\/#organization\",\"name\":\"Vestrex Constructii\",\"url\":\"https:\/\/vestrex.ro\/hu\/\",\"logo\":{\"@type\":\"ImageObject\",\"inLanguage\":\"hu\",\"@id\":\"https:\/\/vestrex.ro\/hu\/#\/schema\/logo\/image\/\",\"url\":\"https:\/\/vestrex.ro\/wp-content\/uploads\/2023\/09\/Vestrex-Logo.webp\",\"contentUrl\":\"https:\/\/vestrex.ro\/wp-content\/uploads\/2023\/09\/Vestrex-Logo.webp\",\"width\":497,\"height\":228,\"caption\":\"Vestrex Constructii\"},\"image\":{\"@id\":\"https:\/\/vestrex.ro\/hu\/#\/schema\/logo\/image\/\"}}]}<\/script>\n<!-- \/ Yoast SEO plugin. -->","yoast_head_json":{"title":"Bels\u0151 \u00e9s k\u00fcls\u0151 dekor\u00e1ci\u00f3 - Vestrex Constructii","robots":{"index":"index","follow":"follow","max-snippet":"max-snippet:-1","max-image-preview":"max-image-preview:large","max-video-preview":"max-video-preview:-1"},"canonical":"https:\/\/vestrex.ro\/hu\/belso-es-kulso-dekoracio\/","og_locale":"hu_HU","og_type":"article","og_title":"Bels\u0151 \u00e9s k\u00fcls\u0151 dekor\u00e1ci\u00f3 - Vestrex Constructii","og_description":"KATEG\u00d3RI\u00c1K Vopsele lavabile de interior si exterior Tencuieli decorative, Tapet Gresie si Faianta, Chituri si profile Parchet laminat, Parchet PVC, Lambriu Tavane si Profile decorative de interior si exterior Vopsea ulei, Protectie de lemne si pietre Usi si geamuri PVC si Lemn","og_url":"https:\/\/vestrex.ro\/hu\/belso-es-kulso-dekoracio\/","og_site_name":"Vestrex Constructii","article_modified_time":"2024-06-07T11:37:56+00:00","twitter_card":"summary_large_image","schema":{"@context":"https:\/\/schema.org","@graph":[{"@type":"WebPage","@id":"https:\/\/vestrex.ro\/hu\/belso-es-kulso-dekoracio\/","url":"https:\/\/vestrex.ro\/hu\/belso-es-kulso-dekoracio\/","name":"Bels\u0151 \u00e9s k\u00fcls\u0151 dekor\u00e1ci\u00f3 - Vestrex Constructii","isPartOf":{"@id":"https:\/\/vestrex.ro\/hu\/#website"},"datePublished":"2023-11-13T14:51:40+00:00","dateModified":"2024-06-07T11:37:56+00:00","breadcrumb":{"@id":"https:\/\/vestrex.ro\/hu\/belso-es-kulso-dekoracio\/#breadcrumb"},"inLanguage":"hu","potentialAction":[{"@type":"ReadAction","target":["https:\/\/vestrex.ro\/hu\/belso-es-kulso-dekoracio\/"]}]},{"@type":"BreadcrumbList","@id":"https:\/\/vestrex.ro\/hu\/belso-es-kulso-dekoracio\/#breadcrumb","itemListElement":[{"@type":"ListItem","position":1,"name":"Prima pagin\u0103","item":"https:\/\/vestrex.ro\/hu\/home\/"},{"@type":"ListItem","position":2,"name":"Bels\u0151 \u00e9s k\u00fcls\u0151 dekor\u00e1ci\u00f3"}]},{"@type":"WebSite","@id":"https:\/\/vestrex.ro\/hu\/#website","url":"https:\/\/vestrex.ro\/hu\/","name":"Vestrex Constructii","description":"Materiale de constructii","publisher":{"@id":"https:\/\/vestrex.ro\/hu\/#organization"},"potentialAction":[{"@type":"SearchAction","target":{"@type":"EntryPoint","urlTemplate":"https:\/\/vestrex.ro\/hu\/?s={search_term_string}"},"query-input":"required name=search_term_string"}],"inLanguage":"hu"},{"@type":"Organization","@id":"https:\/\/vestrex.ro\/hu\/#organization","name":"Vestrex Constructii","url":"https:\/\/vestrex.ro\/hu\/","logo":{"@type":"ImageObject","inLanguage":"hu","@id":"https:\/\/vestrex.ro\/hu\/#\/schema\/logo\/image\/","url":"https:\/\/vestrex.ro\/wp-content\/uploads\/2023\/09\/Vestrex-Logo.webp","contentUrl":"https:\/\/vestrex.ro\/wp-content\/uploads\/2023\/09\/Vestrex-Logo.webp","width":497,"height":228,"caption":"Vestrex Constructii"},"image":{"@id":"https:\/\/vestrex.ro\/hu\/#\/schema\/logo\/image\/"}}]}},"_links":{"self":[{"href":"https:\/\/vestrex.ro\/hu\/wp-json\/wp\/v2\/pages\/1499","targetHints":{"allow":["GET"]}}],"collection":[{"href":"https:\/\/vestrex.ro\/hu\/wp-json\/wp\/v2\/pages"}],"about":[{"href":"https:\/\/vestrex.ro\/hu\/wp-json\/wp\/v2\/types\/page"}],"author":[{"embeddable":true,"href":"https:\/\/vestrex.ro\/hu\/wp-json\/wp\/v2\/users\/1"}],"replies":[{"embeddable":true,"href":"https:\/\/vestrex.ro\/hu\/wp-json\/wp\/v2\/comments?post=1499"}],"version-history":[{"count":1,"href":"https:\/\/vestrex.ro\/hu\/wp-json\/wp\/v2\/pages\/1499\/revisions"}],"predecessor-version":[{"id":1500,"href":"https:\/\/vestrex.ro\/hu\/wp-json\/wp\/v2\/pages\/1499\/revisions\/1500"}],"wp:attachment":[{"href":"https:\/\/vestrex.ro\/hu\/wp-json\/wp\/v2\/media?parent=1499"}],"curies":[{"name":"wp","href":"https:\/\/api.w.org\/{rel}","templated":true}]}}