{"id":1501,"date":"2023-11-13T14:52:08","date_gmt":"2023-11-13T14:52:08","guid":{"rendered":"https:\/\/vestrex.ro\/ho-es-elektromos-rendszerek\/"},"modified":"2024-06-07T11:37:55","modified_gmt":"2024-06-07T11:37:55","slug":"ho-es-elektromos-rendszerek","status":"publish","type":"page","link":"https:\/\/vestrex.ro\/hu\/ho-es-elektromos-rendszerek\/","title":{"rendered":"H\u0151- \u00e9s elektromos rendszerek"},"content":{"rendered":"\t\t<div data-elementor-type=\"wp-page\" data-elementor-id=\"1501\" class=\"elementor elementor-1501 elementor-999\" data-elementor-post-type=\"page\">\n\t\t\t\t<div class=\"elementor-element elementor-element-e954dae e-flex e-con-boxed e-con e-parent\" data-id=\"e954dae\" data-element_type=\"container\" data-settings=\"{&quot;background_background&quot;:&quot;classic&quot;}\">\n\t\t\t\t\t<div class=\"e-con-inner\">\n\t\t<div class=\"elementor-element elementor-element-cb217e3 e-con-full e-flex e-con e-child\" data-id=\"cb217e3\" data-element_type=\"container\">\n\t\t<div class=\"elementor-element elementor-element-057f424 e-con-full e-flex e-con e-child\" data-id=\"057f424\" data-element_type=\"container\">\n\t\t<div class=\"elementor-element elementor-element-a2a85fc e-con-full e-flex e-con e-child\" data-id=\"a2a85fc\" data-element_type=\"container\">\n\t\t\t\t<div class=\"elementor-element elementor-element-e06d710 elementor-widget-tablet__width-auto elementor-widget elementor-widget-heading\" data-id=\"e06d710\" data-element_type=\"widget\" data-widget_type=\"heading.default\">\n\t\t\t\t<div class=\"elementor-widget-container\">\n\t\t\t\t\t<h5 class=\"elementor-heading-title elementor-size-default\">KATEG\u00d3RI\u00c1K<\/h5>\t\t\t\t<\/div>\n\t\t\t\t<\/div>\n\t\t\t\t<div class=\"elementor-element elementor-element-f67812c elementor-nav-menu--dropdown-tablet elementor-nav-menu__text-align-aside elementor-nav-menu--toggle elementor-nav-menu--burger elementor-widget elementor-widget-nav-menu\" data-id=\"f67812c\" data-element_type=\"widget\" data-settings=\"{&quot;layout&quot;:&quot;vertical&quot;,&quot;toggle_icon_hover_animation&quot;:&quot;pulse&quot;,&quot;sticky&quot;:&quot;top&quot;,&quot;sticky_offset&quot;:100,&quot;sticky_parent&quot;:&quot;yes&quot;,&quot;_animation&quot;:&quot;none&quot;,&quot;submenu_icon&quot;:{&quot;value&quot;:&quot;&lt;i class=\\&quot;fas fa-chevron-down\\&quot;&gt;&lt;\\\/i&gt;&quot;,&quot;library&quot;:&quot;fa-solid&quot;},&quot;toggle&quot;:&quot;burger&quot;,&quot;sticky_on&quot;:[&quot;desktop&quot;,&quot;tablet&quot;,&quot;mobile&quot;],&quot;sticky_effects_offset&quot;:0,&quot;sticky_anchor_link_offset&quot;:0}\" data-widget_type=\"nav-menu.default\">\n\t\t\t\t<div class=\"elementor-widget-container\">\n\t\t\t\t\t\t\t\t<nav aria-label=\"Menu\" class=\"elementor-nav-menu--main elementor-nav-menu__container elementor-nav-menu--layout-vertical e--pointer-none\">\n\t\t\t\t<ul id=\"menu-1-f67812c\" class=\"elementor-nav-menu sm-vertical\"><li class=\"menu-item menu-item-type-post_type menu-item-object-page menu-item-1515\"><a href=\"https:\/\/vestrex.ro\/hu\/epitoanyagok\/\" class=\"elementor-item\">\u00c9p\u00edt\u0151anyagok<\/a><\/li>\n<li class=\"menu-item menu-item-type-post_type menu-item-object-page menu-item-1516\"><a href=\"https:\/\/vestrex.ro\/hu\/tetok\/\" class=\"elementor-item\">Tet\u0151szerkezetek<\/a><\/li>\n<li class=\"menu-item menu-item-type-post_type menu-item-object-page menu-item-1517\"><a href=\"https:\/\/vestrex.ro\/hu\/belso-es-kulso-dekoracio\/\" class=\"elementor-item\">K\u00fcl- \u00e9s belt\u00e9ri dekor\u00e1ci\u00f3k<\/a><\/li>\n<li class=\"menu-item menu-item-type-post_type menu-item-object-page menu-item-1518\"><a href=\"https:\/\/vestrex.ro\/hu\/ho-es-elektromos-rendszerek\/\" class=\"elementor-item\">H\u0151- \u00e9s elektromos rendszerek<\/a><\/li>\n<li class=\"menu-item menu-item-type-post_type menu-item-object-page menu-item-1519\"><a href=\"https:\/\/vestrex.ro\/hu\/kert\/\" class=\"elementor-item\">Kert, udvar<\/a><\/li>\n<li class=\"menu-item menu-item-type-post_type menu-item-object-page menu-item-1520\"><a href=\"https:\/\/vestrex.ro\/hu\/tartozekok\/\" class=\"elementor-item\">Kieg\u00e9sz\u00edt\u0151k<\/a><\/li>\n<\/ul>\t\t\t<\/nav>\n\t\t\t\t\t<div class=\"elementor-menu-toggle\" role=\"button\" tabindex=\"0\" aria-label=\"Menu Toggle\" aria-expanded=\"false\">\n\t\t\t<i aria-hidden=\"true\" role=\"presentation\" class=\"elementor-menu-toggle__icon--open elementor-animation-pulse far fa-bookmark\"><\/i><i aria-hidden=\"true\" role=\"presentation\" class=\"elementor-menu-toggle__icon--close elementor-animation-pulse fas fa-minus\"><\/i>\t\t<\/div>\n\t\t\t\t\t<nav class=\"elementor-nav-menu--dropdown elementor-nav-menu__container\" aria-hidden=\"true\">\n\t\t\t\t<ul id=\"menu-2-f67812c\" class=\"elementor-nav-menu sm-vertical\"><li class=\"menu-item menu-item-type-post_type menu-item-object-page menu-item-1515\"><a href=\"https:\/\/vestrex.ro\/hu\/epitoanyagok\/\" class=\"elementor-item\" tabindex=\"-1\">\u00c9p\u00edt\u0151anyagok<\/a><\/li>\n<li class=\"menu-item menu-item-type-post_type menu-item-object-page menu-item-1516\"><a href=\"https:\/\/vestrex.ro\/hu\/tetok\/\" class=\"elementor-item\" tabindex=\"-1\">Tet\u0151szerkezetek<\/a><\/li>\n<li class=\"menu-item menu-item-type-post_type menu-item-object-page menu-item-1517\"><a href=\"https:\/\/vestrex.ro\/hu\/belso-es-kulso-dekoracio\/\" class=\"elementor-item\" tabindex=\"-1\">K\u00fcl- \u00e9s belt\u00e9ri dekor\u00e1ci\u00f3k<\/a><\/li>\n<li class=\"menu-item menu-item-type-post_type menu-item-object-page menu-item-1518\"><a href=\"https:\/\/vestrex.ro\/hu\/ho-es-elektromos-rendszerek\/\" class=\"elementor-item\" tabindex=\"-1\">H\u0151- \u00e9s elektromos rendszerek<\/a><\/li>\n<li class=\"menu-item menu-item-type-post_type menu-item-object-page menu-item-1519\"><a href=\"https:\/\/vestrex.ro\/hu\/kert\/\" class=\"elementor-item\" tabindex=\"-1\">Kert, udvar<\/a><\/li>\n<li class=\"menu-item menu-item-type-post_type menu-item-object-page menu-item-1520\"><a href=\"https:\/\/vestrex.ro\/hu\/tartozekok\/\" class=\"elementor-item\" tabindex=\"-1\">Kieg\u00e9sz\u00edt\u0151k<\/a><\/li>\n<\/ul>\t\t\t<\/nav>\n\t\t\t\t\t\t<\/div>\n\t\t\t\t<\/div>\n\t\t\t\t<\/div>\n\t\t<div class=\"elementor-element elementor-element-6197af5 e-con-full e-flex e-con e-child\" data-id=\"6197af5\" data-element_type=\"container\">\n\t\t\t\t<div class=\"elementor-element elementor-element-2f19266 elementor-widget elementor-widget-gallery\" data-id=\"2f19266\" data-element_type=\"widget\" data-settings=\"{&quot;overlay_title&quot;:&quot;title&quot;,&quot;columns&quot;:3,&quot;gap&quot;:{&quot;unit&quot;:&quot;px&quot;,&quot;size&quot;:5,&quot;sizes&quot;:[]},&quot;gap_tablet&quot;:{&quot;unit&quot;:&quot;px&quot;,&quot;size&quot;:5,&quot;sizes&quot;:[]},&quot;lazyload&quot;:&quot;yes&quot;,&quot;gallery_layout&quot;:&quot;grid&quot;,&quot;columns_tablet&quot;:2,&quot;columns_mobile&quot;:1,&quot;gap_mobile&quot;:{&quot;unit&quot;:&quot;px&quot;,&quot;size&quot;:10,&quot;sizes&quot;:[]},&quot;link_to&quot;:&quot;file&quot;,&quot;aspect_ratio&quot;:&quot;3:2&quot;,&quot;overlay_background&quot;:&quot;yes&quot;,&quot;content_hover_animation&quot;:&quot;fade-in&quot;}\" data-widget_type=\"gallery.default\">\n\t\t\t\t<div class=\"elementor-widget-container\">\n\t\t\t\t\t\t\t\t<div class=\"elementor-gallery__titles-container e--pointer-underline e--animation-fade\" aria-label=\"Gallery filter\">\n\t\t\t\t\n\t\t\t\t\t\t\t\t\t<a class=\"elementor-item elementor-gallery-title\" role=\"button\" tabindex=\"0\" data-gallery-index=\"0\">\n\t\t\t\t\t\t\t\t\t\t\t<\/a>\n\t\t\t\t\t\t\t\t<\/div>\n\t\t\t\t\t<div class=\"elementor-gallery__container\">\n\t\t\t\t\t\t\t<a class=\"e-gallery-item elementor-gallery-item elementor-animated-content\" data-e-gallery-tags=\"0\" href=\"https:\/\/vestrex.ro\/wp-content\/uploads\/2023\/10\/Centrale-termice-si-Accesoriile.webp\" data-elementor-open-lightbox=\"yes\" data-elementor-lightbox-slideshow=\"2f19266\" data-elementor-lightbox-title=\"Kaz\u00e1nok, f\u0171t\u0151testek, konvektorok\" data-elementor-lightbox-description=\"Kaz\u00e1nok, f\u0171t\u0151testek, konvektorok\" data-e-action-hash=\"#elementor-action%3Aaction%3Dlightbox%26settings%3DeyJpZCI6MTM5NSwidXJsIjoiaHR0cHM6XC9cL3Zlc3RyZXgucm9cL3dwLWNvbnRlbnRcL3VwbG9hZHNcLzIwMjNcLzEwXC9DZW50cmFsZS10ZXJtaWNlLXNpLUFjY2Vzb3JpaWxlLndlYnAiLCJzbGlkZXNob3ciOiIyZjE5MjY2In0%3D\">\n\t\t\t\t\t<div class=\"e-gallery-image elementor-gallery-item__image\" data-thumbnail=\"https:\/\/vestrex.ro\/wp-content\/uploads\/2023\/10\/Centrale-termice-si-Accesoriile-300x116.webp\" data-width=\"300\" data-height=\"116\" aria-label=\"\" role=\"img\" ><\/div>\n\t\t\t\t\t\t\t\t\t\t\t<div class=\"elementor-gallery-item__overlay\"><\/div>\n\t\t\t\t\t\t\t\t\t\t\t\t\t\t\t<div class=\"elementor-gallery-item__content\">\n\t\t\t\t\t\t\t\t\t\t\t\t\t\t<div class=\"elementor-gallery-item__title\">\n\t\t\t\t\t\t\t\t\t\t\t\t\t\t\t\t\t\tKaz\u00e1nok, f\u0171t\u0151testek, konvektorok\t\t\t\t\t\t\t\t<\/div>\n\t\t\t\t\t\t\t\t\t\t\t\t<\/div>\n\t\t\t\t\t\t\t\t\t<\/a>\n\t\t\t\t\t\t\t<a class=\"e-gallery-item elementor-gallery-item elementor-animated-content\" data-e-gallery-tags=\"0\" href=\"https:\/\/vestrex.ro\/wp-content\/uploads\/2023\/11\/4b.jpeg\" data-elementor-open-lightbox=\"yes\" data-elementor-lightbox-slideshow=\"2f19266\" data-elementor-lightbox-title=\"Cser\u00e9pk\u00e1lyh\u00e1k, Lemezsp\u00f3rok, H\u0151sug\u00e1rz\u00f3k\" data-elementor-lightbox-description=\"Cser\u00e9pk\u00e1lyh\u00e1k, Lemezsp\u00f3rok, H\u0151sug\u00e1rz\u00f3k\" data-e-action-hash=\"#elementor-action%3Aaction%3Dlightbox%26settings%3DeyJpZCI6MTQyOCwidXJsIjoiaHR0cHM6XC9cL3Zlc3RyZXgucm9cL3dwLWNvbnRlbnRcL3VwbG9hZHNcLzIwMjNcLzExXC80Yi5qcGVnIiwic2xpZGVzaG93IjoiMmYxOTI2NiJ9\">\n\t\t\t\t\t<div class=\"e-gallery-image elementor-gallery-item__image\" data-thumbnail=\"https:\/\/vestrex.ro\/wp-content\/uploads\/2023\/11\/4b-300x300.jpeg\" data-width=\"300\" data-height=\"300\" aria-label=\"\" role=\"img\" ><\/div>\n\t\t\t\t\t\t\t\t\t\t\t<div class=\"elementor-gallery-item__overlay\"><\/div>\n\t\t\t\t\t\t\t\t\t\t\t\t\t\t\t<div class=\"elementor-gallery-item__content\">\n\t\t\t\t\t\t\t\t\t\t\t\t\t\t<div class=\"elementor-gallery-item__title\">\n\t\t\t\t\t\t\t\t\t\t\t\t\t\t\t\t\t\tCser\u00e9pk\u00e1lyh\u00e1k, Lemezsp\u00f3rok, H\u0151sug\u00e1rz\u00f3k\t\t\t\t\t\t\t\t<\/div>\n\t\t\t\t\t\t\t\t\t\t\t\t<\/div>\n\t\t\t\t\t\t\t\t\t<\/a>\n\t\t\t\t\t\t\t<a class=\"e-gallery-item elementor-gallery-item elementor-animated-content\" data-e-gallery-tags=\"0\" href=\"https:\/\/vestrex.ro\/wp-content\/uploads\/2023\/11\/Tuburi-Burlane.jpg\" data-elementor-open-lightbox=\"yes\" data-elementor-lightbox-slideshow=\"2f19266\" data-elementor-lightbox-title=\"Lemezcs\u00f6vek\" data-elementor-lightbox-description=\"Lemezcs\u00f6vek\" data-e-action-hash=\"#elementor-action%3Aaction%3Dlightbox%26settings%3DeyJpZCI6MTQyOSwidXJsIjoiaHR0cHM6XC9cL3Zlc3RyZXgucm9cL3dwLWNvbnRlbnRcL3VwbG9hZHNcLzIwMjNcLzExXC9UdWJ1cmktQnVybGFuZS5qcGciLCJzbGlkZXNob3ciOiIyZjE5MjY2In0%3D\">\n\t\t\t\t\t<div class=\"e-gallery-image elementor-gallery-item__image\" data-thumbnail=\"https:\/\/vestrex.ro\/wp-content\/uploads\/2023\/11\/Tuburi-Burlane-300x200.jpg\" data-width=\"300\" data-height=\"200\" aria-label=\"\" role=\"img\" ><\/div>\n\t\t\t\t\t\t\t\t\t\t\t<div class=\"elementor-gallery-item__overlay\"><\/div>\n\t\t\t\t\t\t\t\t\t\t\t\t\t\t\t<div class=\"elementor-gallery-item__content\">\n\t\t\t\t\t\t\t\t\t\t\t\t\t\t<div class=\"elementor-gallery-item__title\">\n\t\t\t\t\t\t\t\t\t\t\t\t\t\t\t\t\t\tLemezcs\u00f6vek\t\t\t\t\t\t\t\t<\/div>\n\t\t\t\t\t\t\t\t\t\t\t\t<\/div>\n\t\t\t\t\t\t\t\t\t<\/a>\n\t\t\t\t\t\t\t<a class=\"e-gallery-item elementor-gallery-item elementor-animated-content\" data-e-gallery-tags=\"0\" href=\"https:\/\/vestrex.ro\/wp-content\/uploads\/2023\/11\/Corpuri-si-Cabluri-electrice.jpg\" data-elementor-open-lightbox=\"yes\" data-elementor-lightbox-slideshow=\"2f19266\" data-elementor-lightbox-title=\"\u00c1ramk\u00e1belek, kapcsol\u00f3k \u00e9s vil\u00e1g\u00edt\u00f3testek\" data-elementor-lightbox-description=\"\u00c1ramk\u00e1belek, kapcsol\u00f3k \u00e9s vil\u00e1g\u00edt\u00f3testek\" data-e-action-hash=\"#elementor-action%3Aaction%3Dlightbox%26settings%3DeyJpZCI6MTQzMCwidXJsIjoiaHR0cHM6XC9cL3Zlc3RyZXgucm9cL3dwLWNvbnRlbnRcL3VwbG9hZHNcLzIwMjNcLzExXC9Db3JwdXJpLXNpLUNhYmx1cmktZWxlY3RyaWNlLmpwZyIsInNsaWRlc2hvdyI6IjJmMTkyNjYifQ%3D%3D\">\n\t\t\t\t\t<div class=\"e-gallery-image elementor-gallery-item__image\" data-thumbnail=\"https:\/\/vestrex.ro\/wp-content\/uploads\/2023\/11\/Corpuri-si-Cabluri-electrice-300x200.jpg\" data-width=\"300\" data-height=\"200\" aria-label=\"\" role=\"img\" ><\/div>\n\t\t\t\t\t\t\t\t\t\t\t<div class=\"elementor-gallery-item__overlay\"><\/div>\n\t\t\t\t\t\t\t\t\t\t\t\t\t\t\t<div class=\"elementor-gallery-item__content\">\n\t\t\t\t\t\t\t\t\t\t\t\t\t\t<div class=\"elementor-gallery-item__title\">\n\t\t\t\t\t\t\t\t\t\t\t\t\t\t\t\t\t\t\u00c1ramk\u00e1belek, kapcsol\u00f3k \u00e9s vil\u00e1g\u00edt\u00f3testek\t\t\t\t\t\t\t\t<\/div>\n\t\t\t\t\t\t\t\t\t\t\t\t<\/div>\n\t\t\t\t\t\t\t\t\t<\/a>\n\t\t\t\t\t<\/div>\n\t\t\t\t\t<\/div>\n\t\t\t\t<\/div>\n\t\t\t\t<\/div>\n\t\t\t\t<\/div>\n\t\t\t\t<\/div>\n\t\t\t\t\t<\/div>\n\t\t\t\t<\/div>\n\t\t\t\t<\/div>\n\t\t","protected":false},"excerpt":{"rendered":"<p>KATEG\u00d3RI\u00c1K Centrale termice si Accesoriile Cazane, Sobe, Seminee Tuburi, Burlane Corpuri si Cabluri electrice<\/p>\n","protected":false},"author":1,"featured_media":0,"parent":0,"menu_order":0,"comment_status":"closed","ping_status":"closed","template":"elementor_header_footer","meta":{"footnotes":""},"class_list":["post-1501","page","type-page","status-publish","hentry"],"yoast_head":"<!-- This site is optimized with the Yoast SEO plugin v22.8 - https:\/\/yoast.com\/wordpress\/plugins\/seo\/ -->\n<title>H\u0151- \u00e9s elektromos rendszerek - Vestrex Constructii<\/title>\n<meta name=\"robots\" content=\"index, follow, max-snippet:-1, max-image-preview:large, max-video-preview:-1\" \/>\n<link rel=\"canonical\" href=\"https:\/\/vestrex.ro\/hu\/ho-es-elektromos-rendszerek\/\" \/>\n<meta property=\"og:locale\" content=\"hu_HU\" \/>\n<meta property=\"og:type\" content=\"article\" \/>\n<meta property=\"og:title\" content=\"H\u0151- \u00e9s elektromos rendszerek - Vestrex Constructii\" \/>\n<meta property=\"og:description\" content=\"KATEG\u00d3RI\u00c1K Centrale termice si Accesoriile Cazane, Sobe, Seminee Tuburi, Burlane Corpuri si Cabluri electrice\" \/>\n<meta property=\"og:url\" content=\"https:\/\/vestrex.ro\/hu\/ho-es-elektromos-rendszerek\/\" \/>\n<meta property=\"og:site_name\" content=\"Vestrex Constructii\" \/>\n<meta property=\"article:modified_time\" content=\"2024-06-07T11:37:55+00:00\" \/>\n<meta name=\"twitter:card\" content=\"summary_large_image\" \/>\n<script type=\"application\/ld+json\" class=\"yoast-schema-graph\">{\"@context\":\"https:\/\/schema.org\",\"@graph\":[{\"@type\":\"WebPage\",\"@id\":\"https:\/\/vestrex.ro\/hu\/ho-es-elektromos-rendszerek\/\",\"url\":\"https:\/\/vestrex.ro\/hu\/ho-es-elektromos-rendszerek\/\",\"name\":\"H\u0151- \u00e9s elektromos rendszerek - Vestrex Constructii\",\"isPartOf\":{\"@id\":\"https:\/\/vestrex.ro\/hu\/#website\"},\"datePublished\":\"2023-11-13T14:52:08+00:00\",\"dateModified\":\"2024-06-07T11:37:55+00:00\",\"breadcrumb\":{\"@id\":\"https:\/\/vestrex.ro\/hu\/ho-es-elektromos-rendszerek\/#breadcrumb\"},\"inLanguage\":\"hu\",\"potentialAction\":[{\"@type\":\"ReadAction\",\"target\":[\"https:\/\/vestrex.ro\/hu\/ho-es-elektromos-rendszerek\/\"]}]},{\"@type\":\"BreadcrumbList\",\"@id\":\"https:\/\/vestrex.ro\/hu\/ho-es-elektromos-rendszerek\/#breadcrumb\",\"itemListElement\":[{\"@type\":\"ListItem\",\"position\":1,\"name\":\"Prima pagin\u0103\",\"item\":\"https:\/\/vestrex.ro\/hu\/home\/\"},{\"@type\":\"ListItem\",\"position\":2,\"name\":\"H\u0151- \u00e9s elektromos rendszerek\"}]},{\"@type\":\"WebSite\",\"@id\":\"https:\/\/vestrex.ro\/hu\/#website\",\"url\":\"https:\/\/vestrex.ro\/hu\/\",\"name\":\"Vestrex Constructii\",\"description\":\"Materiale de constructii\",\"publisher\":{\"@id\":\"https:\/\/vestrex.ro\/hu\/#organization\"},\"potentialAction\":[{\"@type\":\"SearchAction\",\"target\":{\"@type\":\"EntryPoint\",\"urlTemplate\":\"https:\/\/vestrex.ro\/hu\/?s={search_term_string}\"},\"query-input\":\"required name=search_term_string\"}],\"inLanguage\":\"hu\"},{\"@type\":\"Organization\",\"@id\":\"https:\/\/vestrex.ro\/hu\/#organization\",\"name\":\"Vestrex Constructii\",\"url\":\"https:\/\/vestrex.ro\/hu\/\",\"logo\":{\"@type\":\"ImageObject\",\"inLanguage\":\"hu\",\"@id\":\"https:\/\/vestrex.ro\/hu\/#\/schema\/logo\/image\/\",\"url\":\"https:\/\/vestrex.ro\/wp-content\/uploads\/2023\/09\/Vestrex-Logo.webp\",\"contentUrl\":\"https:\/\/vestrex.ro\/wp-content\/uploads\/2023\/09\/Vestrex-Logo.webp\",\"width\":497,\"height\":228,\"caption\":\"Vestrex Constructii\"},\"image\":{\"@id\":\"https:\/\/vestrex.ro\/hu\/#\/schema\/logo\/image\/\"}}]}<\/script>\n<!-- \/ Yoast SEO plugin. -->","yoast_head_json":{"title":"H\u0151- \u00e9s elektromos rendszerek - Vestrex Constructii","robots":{"index":"index","follow":"follow","max-snippet":"max-snippet:-1","max-image-preview":"max-image-preview:large","max-video-preview":"max-video-preview:-1"},"canonical":"https:\/\/vestrex.ro\/hu\/ho-es-elektromos-rendszerek\/","og_locale":"hu_HU","og_type":"article","og_title":"H\u0151- \u00e9s elektromos rendszerek - Vestrex Constructii","og_description":"KATEG\u00d3RI\u00c1K Centrale termice si Accesoriile Cazane, Sobe, Seminee Tuburi, Burlane Corpuri si Cabluri electrice","og_url":"https:\/\/vestrex.ro\/hu\/ho-es-elektromos-rendszerek\/","og_site_name":"Vestrex Constructii","article_modified_time":"2024-06-07T11:37:55+00:00","twitter_card":"summary_large_image","schema":{"@context":"https:\/\/schema.org","@graph":[{"@type":"WebPage","@id":"https:\/\/vestrex.ro\/hu\/ho-es-elektromos-rendszerek\/","url":"https:\/\/vestrex.ro\/hu\/ho-es-elektromos-rendszerek\/","name":"H\u0151- \u00e9s elektromos rendszerek - Vestrex Constructii","isPartOf":{"@id":"https:\/\/vestrex.ro\/hu\/#website"},"datePublished":"2023-11-13T14:52:08+00:00","dateModified":"2024-06-07T11:37:55+00:00","breadcrumb":{"@id":"https:\/\/vestrex.ro\/hu\/ho-es-elektromos-rendszerek\/#breadcrumb"},"inLanguage":"hu","potentialAction":[{"@type":"ReadAction","target":["https:\/\/vestrex.ro\/hu\/ho-es-elektromos-rendszerek\/"]}]},{"@type":"BreadcrumbList","@id":"https:\/\/vestrex.ro\/hu\/ho-es-elektromos-rendszerek\/#breadcrumb","itemListElement":[{"@type":"ListItem","position":1,"name":"Prima pagin\u0103","item":"https:\/\/vestrex.ro\/hu\/home\/"},{"@type":"ListItem","position":2,"name":"H\u0151- \u00e9s elektromos rendszerek"}]},{"@type":"WebSite","@id":"https:\/\/vestrex.ro\/hu\/#website","url":"https:\/\/vestrex.ro\/hu\/","name":"Vestrex Constructii","description":"Materiale de constructii","publisher":{"@id":"https:\/\/vestrex.ro\/hu\/#organization"},"potentialAction":[{"@type":"SearchAction","target":{"@type":"EntryPoint","urlTemplate":"https:\/\/vestrex.ro\/hu\/?s={search_term_string}"},"query-input":"required name=search_term_string"}],"inLanguage":"hu"},{"@type":"Organization","@id":"https:\/\/vestrex.ro\/hu\/#organization","name":"Vestrex Constructii","url":"https:\/\/vestrex.ro\/hu\/","logo":{"@type":"ImageObject","inLanguage":"hu","@id":"https:\/\/vestrex.ro\/hu\/#\/schema\/logo\/image\/","url":"https:\/\/vestrex.ro\/wp-content\/uploads\/2023\/09\/Vestrex-Logo.webp","contentUrl":"https:\/\/vestrex.ro\/wp-content\/uploads\/2023\/09\/Vestrex-Logo.webp","width":497,"height":228,"caption":"Vestrex Constructii"},"image":{"@id":"https:\/\/vestrex.ro\/hu\/#\/schema\/logo\/image\/"}}]}},"_links":{"self":[{"href":"https:\/\/vestrex.ro\/hu\/wp-json\/wp\/v2\/pages\/1501","targetHints":{"allow":["GET"]}}],"collection":[{"href":"https:\/\/vestrex.ro\/hu\/wp-json\/wp\/v2\/pages"}],"about":[{"href":"https:\/\/vestrex.ro\/hu\/wp-json\/wp\/v2\/types\/page"}],"author":[{"embeddable":true,"href":"https:\/\/vestrex.ro\/hu\/wp-json\/wp\/v2\/users\/1"}],"replies":[{"embeddable":true,"href":"https:\/\/vestrex.ro\/hu\/wp-json\/wp\/v2\/comments?post=1501"}],"version-history":[{"count":1,"href":"https:\/\/vestrex.ro\/hu\/wp-json\/wp\/v2\/pages\/1501\/revisions"}],"predecessor-version":[{"id":1502,"href":"https:\/\/vestrex.ro\/hu\/wp-json\/wp\/v2\/pages\/1501\/revisions\/1502"}],"wp:attachment":[{"href":"https:\/\/vestrex.ro\/hu\/wp-json\/wp\/v2\/media?parent=1501"}],"curies":[{"name":"wp","href":"https:\/\/api.w.org\/{rel}","templated":true}]}}